{"id":33934,"date":"2025-06-27T04:34:16","date_gmt":"2025-06-27T12:34:16","guid":{"rendered":"http:\/\/45.63.70.205\/?post_type=product&#038;p=33934"},"modified":"2025-06-27T04:35:51","modified_gmt":"2025-06-27T12:35:51","slug":"pink-water-bottle-for-active-lifestyles-stay-hydrated-stay-healthy","status":"publish","type":"product","link":"http:\/\/shinyyoustationery.com\/pl\/pink-water-bottle-for-active-lifestyles-stay-hydrated-stay-healthy\/","title":{"rendered":"R\u00f3\u017cowa butelka na wod\u0119 dla os\u00f3b prowadz\u0105cych aktywny tryb \u017cycia - nawodnienie i zdrowie"},"content":{"rendered":"","protected":false},"excerpt":{"rendered":"<p>Ta \u017cywa r\u00f3\u017cowa butelka na wod\u0119 zosta\u0142a zaprojektowana dla tych, kt\u00f3rzy s\u0105 zawsze w ruchu. Niezale\u017cnie od tego, czy jeste\u015b na si\u0142owni, w szkole, czy pracujesz w biurze, ta stylowa i praktyczna butelka pomo\u017ce Ci pozosta\u0107 nawodnionym przez ca\u0142y dzie\u0144. Dzi\u0119ki \u0142atwej w u\u017cyciu klapce i s\u0142omce idealnie nadaje si\u0119 do szybkich \u0142yk\u00f3w podczas trening\u00f3w lub sesji nauki. Zachowaj orze\u017awienie i zdrowie, gdziekolwiek jeste\u015b!<\/p>","protected":false},"featured_media":33935,"template":"","meta":[],"product_brand":[],"product_cat":[700,405,541],"product_tag":[],"class_list":{"0":"post-33934","1":"product","2":"type-product","3":"status-publish","4":"has-post-thumbnail","6":"product_cat-hot-pink-power-girl-collection","7":"product_cat-cups-bottles","8":"product_cat-bottle","10":"first","11":"instock","12":"shipping-taxable","13":"product-type-simple"},"_links":{"self":[{"href":"http:\/\/shinyyoustationery.com\/pl\/wp-json\/wp\/v2\/product\/33934","targetHints":{"allow":["GET"]}}],"collection":[{"href":"http:\/\/shinyyoustationery.com\/pl\/wp-json\/wp\/v2\/product"}],"about":[{"href":"http:\/\/shinyyoustationery.com\/pl\/wp-json\/wp\/v2\/types\/product"}],"version-history":[{"count":0,"href":"http:\/\/shinyyoustationery.com\/pl\/wp-json\/wp\/v2\/product\/33934\/revisions"}],"wp:featuredmedia":[{"embeddable":true,"href":"http:\/\/shinyyoustationery.com\/pl\/wp-json\/wp\/v2\/media\/33935"}],"wp:attachment":[{"href":"http:\/\/shinyyoustationery.com\/pl\/wp-json\/wp\/v2\/media?parent=33934"}],"wp:term":[{"taxonomy":"product_brand","embeddable":true,"href":"http:\/\/shinyyoustationery.com\/pl\/wp-json\/wp\/v2\/product_brand?post=33934"},{"taxonomy":"product_cat","embeddable":true,"href":"http:\/\/shinyyoustationery.com\/pl\/wp-json\/wp\/v2\/product_cat?post=33934"},{"taxonomy":"product_tag","embeddable":true,"href":"http:\/\/shinyyoustationery.com\/pl\/wp-json\/wp\/v2\/product_tag?post=33934"}],"curies":[{"name":"wp","href":"https:\/\/api.w.org\/{rel}","templated":true}]}}