{"id":33937,"date":"2025-06-27T04:40:35","date_gmt":"2025-06-27T12:40:35","guid":{"rendered":"http:\/\/45.63.70.205\/?post_type=product&#038;p=33937"},"modified":"2025-08-13T03:51:21","modified_gmt":"2025-08-13T11:51:21","slug":"holographic-pink-file-holder-trendy-and-stylish-storage-for-school-office","status":"publish","type":"product","link":"http:\/\/shinyyoustationery.com\/pl\/holographic-pink-file-holder-trendy-and-stylish-storage-for-school-office\/","title":{"rendered":"Holograficzny r\u00f3\u017cowy uchwyt na dokumenty - modne i stylowe przechowywanie w szkole i biurze"},"content":{"rendered":"","protected":false},"excerpt":{"rendered":"<p>To <strong data-start=\"132\" data-end=\"164\">Holograficzny r\u00f3\u017cowy przybornik na dokumenty<\/strong> ma \u017cywe i b\u0142yszcz\u0105ce wyko\u0144czenie, dzi\u0119ki czemu jest idealnym dodatkiem do ka\u017cdego miejsca pracy. Zaprojektowany do organizowania papier\u00f3w, dokument\u00f3w lub zada\u0144 szkolnych, ten uchwyt na dokumenty jest zar\u00f3wno funkcjonalny, jak i zabawny. Unikalny holograficzny design z uroczym motywem okular\u00f3w przeciws\u0142onecznych dodaje zabawnego akcentu, dzi\u0119ki czemu jest idealny dla student\u00f3w, pracownik\u00f3w biurowych lub ka\u017cdego, kto kocha stylow\u0105 organizacj\u0119. Utrzymuj swoje pliki w porz\u0105dku dzi\u0119ki temu przyci\u0105gaj\u0105cemu wzrok i trwa\u0142emu uchwytowi na dokumenty!<\/p>","protected":false},"featured_media":33938,"template":"","meta":[],"product_brand":[],"product_cat":[438,412,700],"product_tag":[],"class_list":{"0":"post-33937","1":"product","2":"type-product","3":"status-publish","4":"has-post-thumbnail","6":"product_cat-document-file-holder","7":"product_cat-document-file-folder","8":"product_cat-hot-pink-power-girl-collection","10":"first","11":"instock","12":"shipping-taxable","13":"product-type-simple"},"_links":{"self":[{"href":"http:\/\/shinyyoustationery.com\/pl\/wp-json\/wp\/v2\/product\/33937","targetHints":{"allow":["GET"]}}],"collection":[{"href":"http:\/\/shinyyoustationery.com\/pl\/wp-json\/wp\/v2\/product"}],"about":[{"href":"http:\/\/shinyyoustationery.com\/pl\/wp-json\/wp\/v2\/types\/product"}],"version-history":[{"count":0,"href":"http:\/\/shinyyoustationery.com\/pl\/wp-json\/wp\/v2\/product\/33937\/revisions"}],"wp:featuredmedia":[{"embeddable":true,"href":"http:\/\/shinyyoustationery.com\/pl\/wp-json\/wp\/v2\/media\/33938"}],"wp:attachment":[{"href":"http:\/\/shinyyoustationery.com\/pl\/wp-json\/wp\/v2\/media?parent=33937"}],"wp:term":[{"taxonomy":"product_brand","embeddable":true,"href":"http:\/\/shinyyoustationery.com\/pl\/wp-json\/wp\/v2\/product_brand?post=33937"},{"taxonomy":"product_cat","embeddable":true,"href":"http:\/\/shinyyoustationery.com\/pl\/wp-json\/wp\/v2\/product_cat?post=33937"},{"taxonomy":"product_tag","embeddable":true,"href":"http:\/\/shinyyoustationery.com\/pl\/wp-json\/wp\/v2\/product_tag?post=33937"}],"curies":[{"name":"wp","href":"https:\/\/api.w.org\/{rel}","templated":true}]}}