{"id":33942,"date":"2025-06-27T04:51:47","date_gmt":"2025-06-27T12:51:47","guid":{"rendered":"http:\/\/45.63.70.205\/?post_type=product&#038;p=33942"},"modified":"2025-07-14T00:55:15","modified_gmt":"2025-07-14T08:55:15","slug":"holographic-pink-document-tray-stylish-and-functional-organizer-for-office-or-home","status":"publish","type":"product","link":"http:\/\/shinyyoustationery.com\/pl\/holographic-pink-document-tray-stylish-and-functional-organizer-for-office-or-home\/","title":{"rendered":"Holograficzna r\u00f3\u017cowa taca na dokumenty - stylowy i funkcjonalny organizer do biura lub domu"},"content":{"rendered":"","protected":false},"excerpt":{"rendered":"<p>To <strong data-start=\"131\" data-end=\"165\">Holograficzna r\u00f3\u017cowa taca na dokumenty<\/strong> to idealne po\u0142\u0105czenie stylu i praktyczno\u015bci. Posiada b\u0142yszcz\u0105ce, holograficzne r\u00f3\u017cowe wyko\u0144czenie, dzi\u0119ki czemu doda koloru ka\u017cdemu biurku lub miejscu pracy. Przestronna konstrukcja pozwala na \u0142atw\u0105 organizacj\u0119 papier\u00f3w, folder\u00f3w lub dokument\u00f3w, dzi\u0119ki czemu jest idealna dla student\u00f3w, profesjonalist\u00f3w lub ka\u017cdego, kto chce zachowa\u0107 porz\u0105dek i styl w miejscu pracy. Czy to w biurze, czy w domu, ta taca na dokumenty jest idealnym rozwi\u0105zaniem do przechowywania wa\u017cnych dokument\u00f3w.<\/p>","protected":false},"featured_media":33943,"template":"","meta":[],"product_brand":[],"product_cat":[429,402,430,515,675,700],"product_tag":[],"class_list":{"0":"post-33942","1":"product","2":"type-product","3":"status-publish","4":"has-post-thumbnail","6":"product_cat-file-tray","7":"product_cat-desk-organizer-accessories","8":"product_cat-paper-tray","9":"product_cat-desk-tray","10":"product_cat-school-desk-organizer","11":"product_cat-hot-pink-power-girl-collection","13":"first","14":"instock","15":"shipping-taxable","16":"product-type-simple"},"_links":{"self":[{"href":"http:\/\/shinyyoustationery.com\/pl\/wp-json\/wp\/v2\/product\/33942","targetHints":{"allow":["GET"]}}],"collection":[{"href":"http:\/\/shinyyoustationery.com\/pl\/wp-json\/wp\/v2\/product"}],"about":[{"href":"http:\/\/shinyyoustationery.com\/pl\/wp-json\/wp\/v2\/types\/product"}],"version-history":[{"count":0,"href":"http:\/\/shinyyoustationery.com\/pl\/wp-json\/wp\/v2\/product\/33942\/revisions"}],"wp:featuredmedia":[{"embeddable":true,"href":"http:\/\/shinyyoustationery.com\/pl\/wp-json\/wp\/v2\/media\/33943"}],"wp:attachment":[{"href":"http:\/\/shinyyoustationery.com\/pl\/wp-json\/wp\/v2\/media?parent=33942"}],"wp:term":[{"taxonomy":"product_brand","embeddable":true,"href":"http:\/\/shinyyoustationery.com\/pl\/wp-json\/wp\/v2\/product_brand?post=33942"},{"taxonomy":"product_cat","embeddable":true,"href":"http:\/\/shinyyoustationery.com\/pl\/wp-json\/wp\/v2\/product_cat?post=33942"},{"taxonomy":"product_tag","embeddable":true,"href":"http:\/\/shinyyoustationery.com\/pl\/wp-json\/wp\/v2\/product_tag?post=33942"}],"curies":[{"name":"wp","href":"https:\/\/api.w.org\/{rel}","templated":true}]}}