{"id":33947,"date":"2025-06-30T09:42:58","date_gmt":"2025-06-30T01:42:58","guid":{"rendered":"http:\/\/45.63.70.205\/?post_type=product&#038;p=33947"},"modified":"2025-07-02T19:44:37","modified_gmt":"2025-07-02T11:44:37","slug":"pink-glitter-pencil-set-fun-and-stylish-stationery-for-kids-teens","status":"publish","type":"product","link":"http:\/\/shinyyoustationery.com\/pl\/pink-glitter-pencil-set-fun-and-stylish-stationery-for-kids-teens\/","title":{"rendered":"Zestaw r\u00f3\u017cowych brokatowych o\u0142\u00f3wk\u00f3w - zabawne i stylowe artyku\u0142y papiernicze dla dzieci i nastolatk\u00f3w"},"content":{"rendered":"","protected":false},"excerpt":{"rendered":"<p>Dodaj odrobin\u0119 koloru i blasku do swojej kolekcji artyku\u0142\u00f3w pi\u015bmiennych dzi\u0119ki zestawowi o\u0142\u00f3wk\u00f3w JustHype Pink Glitter Pencil Set. Idealny do szko\u0142y, kreatywnych projekt\u00f3w lub jako zabawny prezent, ten zestaw zawiera sze\u015b\u0107 b\u0142yszcz\u0105cych r\u00f3\u017cowych o\u0142\u00f3wk\u00f3w, kt\u00f3re s\u0105 zar\u00f3wno stylowe, jak i funkcjonalne. Wytrzyma\u0142a konstrukcja i p\u0142ynne pisanie sprawiaj\u0105, \u017ce jest to idealny wyb\u00f3r dla dzieci i nastolatk\u00f3w, kt\u00f3rzy uwielbiaj\u0105 wyra\u017ca\u0107 swoj\u0105 kreatywno\u015b\u0107.<\/p>","protected":false},"featured_media":33948,"template":"","meta":[],"product_brand":[],"product_cat":[416,331,415],"product_tag":[],"class_list":{"0":"post-33947","1":"product","2":"type-product","3":"status-publish","4":"has-post-thumbnail","6":"product_cat-pencil","7":"product_cat-stationery-set","8":"product_cat-pen","10":"first","11":"instock","12":"shipping-taxable","13":"product-type-simple"},"_links":{"self":[{"href":"http:\/\/shinyyoustationery.com\/pl\/wp-json\/wp\/v2\/product\/33947","targetHints":{"allow":["GET"]}}],"collection":[{"href":"http:\/\/shinyyoustationery.com\/pl\/wp-json\/wp\/v2\/product"}],"about":[{"href":"http:\/\/shinyyoustationery.com\/pl\/wp-json\/wp\/v2\/types\/product"}],"version-history":[{"count":0,"href":"http:\/\/shinyyoustationery.com\/pl\/wp-json\/wp\/v2\/product\/33947\/revisions"}],"wp:featuredmedia":[{"embeddable":true,"href":"http:\/\/shinyyoustationery.com\/pl\/wp-json\/wp\/v2\/media\/33948"}],"wp:attachment":[{"href":"http:\/\/shinyyoustationery.com\/pl\/wp-json\/wp\/v2\/media?parent=33947"}],"wp:term":[{"taxonomy":"product_brand","embeddable":true,"href":"http:\/\/shinyyoustationery.com\/pl\/wp-json\/wp\/v2\/product_brand?post=33947"},{"taxonomy":"product_cat","embeddable":true,"href":"http:\/\/shinyyoustationery.com\/pl\/wp-json\/wp\/v2\/product_cat?post=33947"},{"taxonomy":"product_tag","embeddable":true,"href":"http:\/\/shinyyoustationery.com\/pl\/wp-json\/wp\/v2\/product_tag?post=33947"}],"curies":[{"name":"wp","href":"https:\/\/api.w.org\/{rel}","templated":true}]}}