{"id":33955,"date":"2025-06-30T10:08:58","date_gmt":"2025-06-30T02:08:58","guid":{"rendered":"http:\/\/45.63.70.205\/?post_type=product&#038;p=33955"},"modified":"2025-07-03T20:03:29","modified_gmt":"2025-07-03T12:03:29","slug":"pink-heart-shaped-sunglasses-trendy-fun-and-perfect-for-girls","status":"publish","type":"product","link":"http:\/\/shinyyoustationery.com\/pl\/pink-heart-shaped-sunglasses-trendy-fun-and-perfect-for-girls\/","title":{"rendered":"R\u00f3\u017cowe okulary przeciws\u0142oneczne w kszta\u0142cie serca - modne, zabawne i idealne dla dziewczynek"},"content":{"rendered":"","protected":false},"excerpt":{"rendered":"<p>Te <strong data-start=\"131\" data-end=\"163\">R\u00f3\u017cowe okulary przeciws\u0142oneczne w kszta\u0142cie serca<\/strong> s\u0105 idealnym dodatkiem dla ka\u017cdej dziewczyny, kt\u00f3ra chce doda\u0107 odrobin\u0119 koloru i stylu do swojego wygl\u0105du. Zaprojektowane z my\u015bl\u0105 o modnych dziewczynach, te okulary przeciws\u0142oneczne s\u0105 idealne do aktywno\u015bci na \u015bwie\u017cym powietrzu, wycieczek na pla\u017c\u0119 lub swobodnych wypad\u00f3w. Dzi\u0119ki zabawnym oprawkom w kszta\u0142cie serca i \u017cywemu r\u00f3\u017cowemu kolorowi s\u0105 one obowi\u0105zkowe dla tych, kt\u00f3rzy lubi\u0105 si\u0119 wyr\u00f3\u017cnia\u0107 i wyra\u017ca\u0107 sw\u00f3j niepowtarzalny styl. Niezale\u017cnie od tego, czy wyleguje si\u0119 na s\u0142o\u0144cu, czy spaceruje po mie\u015bcie, te okulary przeciws\u0142oneczne zapewni\u0105 jej ch\u0142\u00f3d i styl!<\/p>","protected":false},"featured_media":33956,"template":"","meta":[],"product_brand":[],"product_cat":[700],"product_tag":[],"class_list":{"0":"post-33955","1":"product","2":"type-product","3":"status-publish","4":"has-post-thumbnail","6":"product_cat-hot-pink-power-girl-collection","8":"first","9":"instock","10":"shipping-taxable","11":"product-type-simple"},"_links":{"self":[{"href":"http:\/\/shinyyoustationery.com\/pl\/wp-json\/wp\/v2\/product\/33955","targetHints":{"allow":["GET"]}}],"collection":[{"href":"http:\/\/shinyyoustationery.com\/pl\/wp-json\/wp\/v2\/product"}],"about":[{"href":"http:\/\/shinyyoustationery.com\/pl\/wp-json\/wp\/v2\/types\/product"}],"version-history":[{"count":0,"href":"http:\/\/shinyyoustationery.com\/pl\/wp-json\/wp\/v2\/product\/33955\/revisions"}],"wp:featuredmedia":[{"embeddable":true,"href":"http:\/\/shinyyoustationery.com\/pl\/wp-json\/wp\/v2\/media\/33956"}],"wp:attachment":[{"href":"http:\/\/shinyyoustationery.com\/pl\/wp-json\/wp\/v2\/media?parent=33955"}],"wp:term":[{"taxonomy":"product_brand","embeddable":true,"href":"http:\/\/shinyyoustationery.com\/pl\/wp-json\/wp\/v2\/product_brand?post=33955"},{"taxonomy":"product_cat","embeddable":true,"href":"http:\/\/shinyyoustationery.com\/pl\/wp-json\/wp\/v2\/product_cat?post=33955"},{"taxonomy":"product_tag","embeddable":true,"href":"http:\/\/shinyyoustationery.com\/pl\/wp-json\/wp\/v2\/product_tag?post=33955"}],"curies":[{"name":"wp","href":"https:\/\/api.w.org\/{rel}","templated":true}]}}