{"id":33960,"date":"2025-06-30T10:13:31","date_gmt":"2025-06-30T02:13:31","guid":{"rendered":"http:\/\/45.63.70.205\/?post_type=product&#038;p=33960"},"modified":"2025-07-03T20:02:58","modified_gmt":"2025-07-03T12:02:58","slug":"bright-pink-sunglasses-fun-and-stylish-accessory-for-girls","status":"publish","type":"product","link":"http:\/\/shinyyoustationery.com\/pl\/bright-pink-sunglasses-fun-and-stylish-accessory-for-girls\/","title":{"rendered":"Jasnor\u00f3\u017cowe okulary przeciws\u0142oneczne - zabawny i stylowy dodatek dla dziewczynek"},"content":{"rendered":"","protected":false},"excerpt":{"rendered":"<p>Te <strong data-start=\"104\" data-end=\"130\">Jasnor\u00f3\u017cowe okulary przeciws\u0142oneczne<\/strong> s\u0105 idealnym dodatkiem dla ka\u017cdej dziewczyny, kt\u00f3ra chce doda\u0107 zabawny i stylowy akcent do swojego stroju. Niezale\u017cnie od tego, czy wybierasz si\u0119 na pla\u017c\u0119, cieszysz si\u0119 s\u0142onecznym dniem na \u015bwie\u017cym powietrzu, czy po prostu spacerujesz, te okulary przeciws\u0142oneczne zapewni\u0105 ci ch\u0142\u00f3d i ochron\u0119 przed s\u0142o\u0144cem. \u017bywy r\u00f3\u017cowy kolor i elegancki design sprawiaj\u0105, \u017ce s\u0105 one modnym must-have dla wszystkich grup wiekowych. Idealne na niezobowi\u0105zuj\u0105ce wyj\u015bcia, imprezy lub jako prezent dla modnej dziewczyny w Twoim \u017cyciu!<\/p>","protected":false},"featured_media":33962,"template":"","meta":[],"product_brand":[],"product_cat":[700],"product_tag":[],"class_list":{"0":"post-33960","1":"product","2":"type-product","3":"status-publish","4":"has-post-thumbnail","6":"product_cat-hot-pink-power-girl-collection","8":"first","9":"instock","10":"shipping-taxable","11":"product-type-simple"},"_links":{"self":[{"href":"http:\/\/shinyyoustationery.com\/pl\/wp-json\/wp\/v2\/product\/33960","targetHints":{"allow":["GET"]}}],"collection":[{"href":"http:\/\/shinyyoustationery.com\/pl\/wp-json\/wp\/v2\/product"}],"about":[{"href":"http:\/\/shinyyoustationery.com\/pl\/wp-json\/wp\/v2\/types\/product"}],"version-history":[{"count":0,"href":"http:\/\/shinyyoustationery.com\/pl\/wp-json\/wp\/v2\/product\/33960\/revisions"}],"wp:featuredmedia":[{"embeddable":true,"href":"http:\/\/shinyyoustationery.com\/pl\/wp-json\/wp\/v2\/media\/33962"}],"wp:attachment":[{"href":"http:\/\/shinyyoustationery.com\/pl\/wp-json\/wp\/v2\/media?parent=33960"}],"wp:term":[{"taxonomy":"product_brand","embeddable":true,"href":"http:\/\/shinyyoustationery.com\/pl\/wp-json\/wp\/v2\/product_brand?post=33960"},{"taxonomy":"product_cat","embeddable":true,"href":"http:\/\/shinyyoustationery.com\/pl\/wp-json\/wp\/v2\/product_cat?post=33960"},{"taxonomy":"product_tag","embeddable":true,"href":"http:\/\/shinyyoustationery.com\/pl\/wp-json\/wp\/v2\/product_tag?post=33960"}],"curies":[{"name":"wp","href":"https:\/\/api.w.org\/{rel}","templated":true}]}}