{"id":33964,"date":"2025-06-30T10:23:27","date_gmt":"2025-06-30T02:23:27","guid":{"rendered":"http:\/\/45.63.70.205\/?post_type=product&#038;p=33964"},"modified":"2025-06-30T10:34:50","modified_gmt":"2025-06-30T02:34:50","slug":"bright-pink-star-keychain-a-cute-and-fun-accessory-for-girls","status":"publish","type":"product","link":"http:\/\/shinyyoustationery.com\/pl\/bright-pink-star-keychain-a-cute-and-fun-accessory-for-girls\/","title":{"rendered":"Jasnor\u00f3\u017cowy brelok do kluczy z gwiazd\u0105 - uroczy i zabawny dodatek dla dziewczynek"},"content":{"rendered":"","protected":false},"excerpt":{"rendered":"<p>To <strong data-start=\"105\" data-end=\"134\">Jasnor\u00f3\u017cowy brelok z gwiazd\u0105<\/strong> to idealny dodatek do ka\u017cdej kolekcji akcesori\u00f3w. Dzi\u0119ki \u017cywym kolorom i zabawnemu wzorowi gwiazdy jest to \u015bwietny spos\u00f3b na spersonalizowanie torby, kluczy lub plecaka. Idealny dla m\u0142odych dziewcz\u0105t i tych m\u0142odych duchem, ten brelok dodaje zabawny, przyci\u0105gaj\u0105cy wzrok element do codziennych przedmiot\u00f3w. Niezale\u017cnie od tego, czy chodzi o szko\u0142\u0119, swobodne wyj\u015bcia, czy przemy\u015blany prezent, ten r\u00f3\u017cowy brelok z gwiazd\u0105 z pewno\u015bci\u0105 przyniesie rado\u015b\u0107 i styl, gdziekolwiek si\u0119 pojawi!<\/p>","protected":false},"featured_media":33965,"template":"","meta":[],"product_brand":[],"product_cat":[659,700],"product_tag":[],"class_list":{"0":"post-33964","1":"product","2":"type-product","3":"status-publish","4":"has-post-thumbnail","6":"product_cat-keychain","7":"product_cat-hot-pink-power-girl-collection","9":"first","10":"instock","11":"shipping-taxable","12":"product-type-simple"},"_links":{"self":[{"href":"http:\/\/shinyyoustationery.com\/pl\/wp-json\/wp\/v2\/product\/33964","targetHints":{"allow":["GET"]}}],"collection":[{"href":"http:\/\/shinyyoustationery.com\/pl\/wp-json\/wp\/v2\/product"}],"about":[{"href":"http:\/\/shinyyoustationery.com\/pl\/wp-json\/wp\/v2\/types\/product"}],"version-history":[{"count":0,"href":"http:\/\/shinyyoustationery.com\/pl\/wp-json\/wp\/v2\/product\/33964\/revisions"}],"wp:featuredmedia":[{"embeddable":true,"href":"http:\/\/shinyyoustationery.com\/pl\/wp-json\/wp\/v2\/media\/33965"}],"wp:attachment":[{"href":"http:\/\/shinyyoustationery.com\/pl\/wp-json\/wp\/v2\/media?parent=33964"}],"wp:term":[{"taxonomy":"product_brand","embeddable":true,"href":"http:\/\/shinyyoustationery.com\/pl\/wp-json\/wp\/v2\/product_brand?post=33964"},{"taxonomy":"product_cat","embeddable":true,"href":"http:\/\/shinyyoustationery.com\/pl\/wp-json\/wp\/v2\/product_cat?post=33964"},{"taxonomy":"product_tag","embeddable":true,"href":"http:\/\/shinyyoustationery.com\/pl\/wp-json\/wp\/v2\/product_tag?post=33964"}],"curies":[{"name":"wp","href":"https:\/\/api.w.org\/{rel}","templated":true}]}}