{"id":33968,"date":"2025-06-30T10:30:58","date_gmt":"2025-06-30T02:30:58","guid":{"rendered":"http:\/\/45.63.70.205\/?post_type=product&#038;p=33968"},"modified":"2025-06-30T10:35:09","modified_gmt":"2025-06-30T02:35:09","slug":"pink-flamingo-keychain-a-cute-and-colorful-accessory-for-girls","status":"publish","type":"product","link":"http:\/\/shinyyoustationery.com\/pl\/pink-flamingo-keychain-a-cute-and-colorful-accessory-for-girls\/","title":{"rendered":"Brelok do kluczy z r\u00f3\u017cowym flamingiem - uroczy i kolorowy dodatek dla dziewczynek"},"content":{"rendered":"","protected":false},"excerpt":{"rendered":"<p>Dodaj zabawny akcent do swoich kluczy, torby lub plecaka za pomoc\u0105 tego zestawu. <strong data-start=\"163\" data-end=\"189\">Brelok do kluczy z r\u00f3\u017cowym flamingiem<\/strong>. Wyposa\u017cony w \u017cywy wz\u00f3r flaminga, jest idealny dla dziewcz\u0105t, kt\u00f3re kochaj\u0105 zabawne, dziwaczne akcesoria. Idealny na niezobowi\u0105zuj\u0105ce wyj\u015bcia, do szko\u0142y lub jako prezent, ten brelok b\u0119dzie \u015bwietnym dodatkiem do ka\u017cdej kolekcji. Lekki, wytrzyma\u0142y i przyci\u0105gaj\u0105cy wzrok brelok z flamingiem sprawi, \u017ce b\u0119dziesz si\u0119 u\u015bmiecha\u0107 za ka\u017cdym razem, gdy si\u0119gniesz po klucze!<\/p>","protected":false},"featured_media":33969,"template":"","meta":[],"product_brand":[],"product_cat":[659,700],"product_tag":[],"class_list":{"0":"post-33968","1":"product","2":"type-product","3":"status-publish","4":"has-post-thumbnail","6":"product_cat-keychain","7":"product_cat-hot-pink-power-girl-collection","9":"first","10":"instock","11":"shipping-taxable","12":"product-type-simple"},"_links":{"self":[{"href":"http:\/\/shinyyoustationery.com\/pl\/wp-json\/wp\/v2\/product\/33968","targetHints":{"allow":["GET"]}}],"collection":[{"href":"http:\/\/shinyyoustationery.com\/pl\/wp-json\/wp\/v2\/product"}],"about":[{"href":"http:\/\/shinyyoustationery.com\/pl\/wp-json\/wp\/v2\/types\/product"}],"version-history":[{"count":0,"href":"http:\/\/shinyyoustationery.com\/pl\/wp-json\/wp\/v2\/product\/33968\/revisions"}],"wp:featuredmedia":[{"embeddable":true,"href":"http:\/\/shinyyoustationery.com\/pl\/wp-json\/wp\/v2\/media\/33969"}],"wp:attachment":[{"href":"http:\/\/shinyyoustationery.com\/pl\/wp-json\/wp\/v2\/media?parent=33968"}],"wp:term":[{"taxonomy":"product_brand","embeddable":true,"href":"http:\/\/shinyyoustationery.com\/pl\/wp-json\/wp\/v2\/product_brand?post=33968"},{"taxonomy":"product_cat","embeddable":true,"href":"http:\/\/shinyyoustationery.com\/pl\/wp-json\/wp\/v2\/product_cat?post=33968"},{"taxonomy":"product_tag","embeddable":true,"href":"http:\/\/shinyyoustationery.com\/pl\/wp-json\/wp\/v2\/product_tag?post=33968"}],"curies":[{"name":"wp","href":"https:\/\/api.w.org\/{rel}","templated":true}]}}