{"id":33977,"date":"2025-06-30T10:41:46","date_gmt":"2025-06-30T02:41:46","guid":{"rendered":"http:\/\/45.63.70.205\/?post_type=product&#038;p=33977"},"modified":"2025-06-30T11:10:53","modified_gmt":"2025-06-30T03:10:53","slug":"pink-mermaid-keychain-fun-accessory-for-kids-and-adults-perfect-for-bags-and-keys","status":"publish","type":"product","link":"http:\/\/shinyyoustationery.com\/pl\/pink-mermaid-keychain-fun-accessory-for-kids-and-adults-perfect-for-bags-and-keys\/","title":{"rendered":"Brelok R\u00f3\u017cowa Syrenka - zabawne akcesorium dla dzieci i doros\u0142ych, idealne do torebki i kluczy"},"content":{"rendered":"","protected":false},"excerpt":{"rendered":"<p>Ten \u017cywy r\u00f3\u017cowy brelok z syrenk\u0105 doda odrobin\u0119 kaprysu do Twoich codziennych drobiazg\u00f3w. Idealny zar\u00f3wno dla dzieci, jak i doros\u0142ych, doskonale nadaje si\u0119 do ozdabiania toreb, kluczy, a nawet jako zabawny prezent. Lekki i wytrzyma\u0142y, wnosi zabawny charakter do ka\u017cdej kolekcji akcesori\u00f3w.<\/p>","protected":false},"featured_media":33978,"template":"","meta":[],"product_brand":[],"product_cat":[659,700],"product_tag":[],"class_list":{"0":"post-33977","1":"product","2":"type-product","3":"status-publish","4":"has-post-thumbnail","6":"product_cat-keychain","7":"product_cat-hot-pink-power-girl-collection","9":"first","10":"instock","11":"shipping-taxable","12":"product-type-simple"},"_links":{"self":[{"href":"http:\/\/shinyyoustationery.com\/pl\/wp-json\/wp\/v2\/product\/33977","targetHints":{"allow":["GET"]}}],"collection":[{"href":"http:\/\/shinyyoustationery.com\/pl\/wp-json\/wp\/v2\/product"}],"about":[{"href":"http:\/\/shinyyoustationery.com\/pl\/wp-json\/wp\/v2\/types\/product"}],"version-history":[{"count":0,"href":"http:\/\/shinyyoustationery.com\/pl\/wp-json\/wp\/v2\/product\/33977\/revisions"}],"wp:featuredmedia":[{"embeddable":true,"href":"http:\/\/shinyyoustationery.com\/pl\/wp-json\/wp\/v2\/media\/33978"}],"wp:attachment":[{"href":"http:\/\/shinyyoustationery.com\/pl\/wp-json\/wp\/v2\/media?parent=33977"}],"wp:term":[{"taxonomy":"product_brand","embeddable":true,"href":"http:\/\/shinyyoustationery.com\/pl\/wp-json\/wp\/v2\/product_brand?post=33977"},{"taxonomy":"product_cat","embeddable":true,"href":"http:\/\/shinyyoustationery.com\/pl\/wp-json\/wp\/v2\/product_cat?post=33977"},{"taxonomy":"product_tag","embeddable":true,"href":"http:\/\/shinyyoustationery.com\/pl\/wp-json\/wp\/v2\/product_tag?post=33977"}],"curies":[{"name":"wp","href":"https:\/\/api.w.org\/{rel}","templated":true}]}}