{"id":33981,"date":"2025-06-30T11:04:26","date_gmt":"2025-06-30T03:04:26","guid":{"rendered":"http:\/\/45.63.70.205\/?post_type=product&#038;p=33981"},"modified":"2025-08-13T05:33:53","modified_gmt":"2025-08-13T13:33:53","slug":"pink-wheelie-bin-desk-tidy-compact-trash-organizer-for-office","status":"publish","type":"product","link":"http:\/\/shinyyoustationery.com\/pl\/pink-wheelie-bin-desk-tidy-compact-trash-organizer-for-office\/","title":{"rendered":"R\u00f3\u017cowy kosz na \u015bmieci na biurko - kompaktowy organizer na \u015bmieci do biura"},"content":{"rendered":"","protected":false},"excerpt":{"rendered":"<p>Ten zabawny, r\u00f3\u017cowy pojemnik na k\u00f3\u0142kach to zabawny i funkcjonalny dodatek do ka\u017cdego miejsca pracy. Idealny do utrzymania porz\u0105dku na biurku, idealnie nadaje si\u0119 do przechowywania drobnych \u015bmieci, artyku\u0142\u00f3w pi\u015bmienniczych, a nawet jako dziwaczny uchwyt na d\u0142ugopisy. Jego \u017cywy kolor i kompaktowa konstrukcja sprawiaj\u0105, \u017ce jest to \u015bwietny wyb\u00f3r zar\u00f3wno dla dzieci, jak i doros\u0142ych. Niezale\u017cnie od tego, czy jeste\u015b w domu, czy w biurze, ten porz\u0105dek pomaga utrzyma\u0107 zorganizowane \u015brodowisko.<\/p>","protected":false},"featured_media":33982,"template":"","meta":[],"product_brand":[],"product_cat":[450,700],"product_tag":[],"class_list":{"0":"post-33981","1":"product","2":"type-product","3":"status-publish","4":"has-post-thumbnail","6":"product_cat-trash-can","7":"product_cat-hot-pink-power-girl-collection","9":"first","10":"instock","11":"shipping-taxable","12":"product-type-simple"},"_links":{"self":[{"href":"http:\/\/shinyyoustationery.com\/pl\/wp-json\/wp\/v2\/product\/33981","targetHints":{"allow":["GET"]}}],"collection":[{"href":"http:\/\/shinyyoustationery.com\/pl\/wp-json\/wp\/v2\/product"}],"about":[{"href":"http:\/\/shinyyoustationery.com\/pl\/wp-json\/wp\/v2\/types\/product"}],"version-history":[{"count":0,"href":"http:\/\/shinyyoustationery.com\/pl\/wp-json\/wp\/v2\/product\/33981\/revisions"}],"wp:featuredmedia":[{"embeddable":true,"href":"http:\/\/shinyyoustationery.com\/pl\/wp-json\/wp\/v2\/media\/33982"}],"wp:attachment":[{"href":"http:\/\/shinyyoustationery.com\/pl\/wp-json\/wp\/v2\/media?parent=33981"}],"wp:term":[{"taxonomy":"product_brand","embeddable":true,"href":"http:\/\/shinyyoustationery.com\/pl\/wp-json\/wp\/v2\/product_brand?post=33981"},{"taxonomy":"product_cat","embeddable":true,"href":"http:\/\/shinyyoustationery.com\/pl\/wp-json\/wp\/v2\/product_cat?post=33981"},{"taxonomy":"product_tag","embeddable":true,"href":"http:\/\/shinyyoustationery.com\/pl\/wp-json\/wp\/v2\/product_tag?post=33981"}],"curies":[{"name":"wp","href":"https:\/\/api.w.org\/{rel}","templated":true}]}}