{"id":33987,"date":"2025-06-30T11:10:17","date_gmt":"2025-06-30T03:10:17","guid":{"rendered":"http:\/\/45.63.70.205\/?post_type=product&#038;p=33987"},"modified":"2025-07-14T00:55:38","modified_gmt":"2025-07-14T08:55:38","slug":"pink-3-drawer-desk-organizer-compact-storage-solution-for-home-office","status":"publish","type":"product","link":"http:\/\/shinyyoustationery.com\/pl\/pink-3-drawer-desk-organizer-compact-storage-solution-for-home-office\/","title":{"rendered":"R\u00f3\u017cowy 3-szufladowy organizer na biurko - kompaktowe rozwi\u0105zanie do przechowywania w domu i biurze"},"content":{"rendered":"","protected":false},"excerpt":{"rendered":"<p>Ten stylowy, r\u00f3\u017cowy 3-szufladowy organizer na biurko to doskona\u0142y spos\u00f3b na utrzymanie porz\u0105dku w miejscu pracy. Idealny do przechowywania artyku\u0142\u00f3w pi\u015bmiennych, dokument\u00f3w lub drobnych materia\u0142\u00f3w biurowych, jest praktycznym dodatkiem do ka\u017cdego biurka. Kompaktowa konstrukcja sprawia, \u017ce nadaje si\u0119 zar\u00f3wno do u\u017cytku domowego, jak i biurowego, a \u017cywy r\u00f3\u017cowy kolor dodaje weso\u0142ego akcentu do miejsca pracy.<\/p>","protected":false},"featured_media":33989,"template":"","meta":[],"product_brand":[],"product_cat":[427,402,675,700],"product_tag":[],"class_list":{"0":"post-33987","1":"product","2":"type-product","3":"status-publish","4":"has-post-thumbnail","6":"product_cat-desk-organizer","7":"product_cat-desk-organizer-accessories","8":"product_cat-school-desk-organizer","9":"product_cat-hot-pink-power-girl-collection","11":"first","12":"instock","13":"shipping-taxable","14":"product-type-simple"},"_links":{"self":[{"href":"http:\/\/shinyyoustationery.com\/pl\/wp-json\/wp\/v2\/product\/33987","targetHints":{"allow":["GET"]}}],"collection":[{"href":"http:\/\/shinyyoustationery.com\/pl\/wp-json\/wp\/v2\/product"}],"about":[{"href":"http:\/\/shinyyoustationery.com\/pl\/wp-json\/wp\/v2\/types\/product"}],"version-history":[{"count":0,"href":"http:\/\/shinyyoustationery.com\/pl\/wp-json\/wp\/v2\/product\/33987\/revisions"}],"wp:featuredmedia":[{"embeddable":true,"href":"http:\/\/shinyyoustationery.com\/pl\/wp-json\/wp\/v2\/media\/33989"}],"wp:attachment":[{"href":"http:\/\/shinyyoustationery.com\/pl\/wp-json\/wp\/v2\/media?parent=33987"}],"wp:term":[{"taxonomy":"product_brand","embeddable":true,"href":"http:\/\/shinyyoustationery.com\/pl\/wp-json\/wp\/v2\/product_brand?post=33987"},{"taxonomy":"product_cat","embeddable":true,"href":"http:\/\/shinyyoustationery.com\/pl\/wp-json\/wp\/v2\/product_cat?post=33987"},{"taxonomy":"product_tag","embeddable":true,"href":"http:\/\/shinyyoustationery.com\/pl\/wp-json\/wp\/v2\/product_tag?post=33987"}],"curies":[{"name":"wp","href":"https:\/\/api.w.org\/{rel}","templated":true}]}}