{"id":33999,"date":"2025-06-30T13:28:16","date_gmt":"2025-06-30T05:28:16","guid":{"rendered":"http:\/\/45.63.70.205\/?post_type=product&#038;p=33999"},"modified":"2025-06-30T13:37:12","modified_gmt":"2025-06-30T05:37:12","slug":"pink-swivel-pen-holder-with-multi-compartment-perfect-for-kids-and-school-use","status":"publish","type":"product","link":"http:\/\/shinyyoustationery.com\/pl\/pink-swivel-pen-holder-with-multi-compartment-perfect-for-kids-and-school-use\/","title":{"rendered":"R\u00f3\u017cowy obrotowy przybornik na d\u0142ugopisy z wieloma przegr\u00f3dkami - idealny dla dzieci i do szko\u0142y"},"content":{"rendered":"","protected":false},"excerpt":{"rendered":"<p>Obrotowy przybornik na d\u0142ugopisy w \u017cywym r\u00f3\u017cowym kolorze ma unikaln\u0105, wielokomorow\u0105 konstrukcj\u0119, dzi\u0119ki czemu idealnie nadaje si\u0119 zar\u00f3wno do u\u017cytku domowego, jak i szkolnego. Jego obrotowa podstawa umo\u017cliwia \u0142atwy dost\u0119p do d\u0142ugopis\u00f3w, o\u0142\u00f3wk\u00f3w i innych artyku\u0142\u00f3w pi\u015bmiennych, zapewniaj\u0105c porz\u0105dek na biurku. Jasnor\u00f3\u017cowy kolor dodaje zabawnego akcentu do ka\u017cdego miejsca do nauki lub klasy, idealnego dla dzieci i student\u00f3w.<\/p>","protected":false},"featured_media":34001,"template":"","meta":[],"product_brand":[],"product_cat":[428,700],"product_tag":[],"class_list":{"0":"post-33999","1":"product","2":"type-product","3":"status-publish","4":"has-post-thumbnail","6":"product_cat-pen-holder","7":"product_cat-hot-pink-power-girl-collection","9":"first","10":"instock","11":"shipping-taxable","12":"product-type-simple"},"_links":{"self":[{"href":"http:\/\/shinyyoustationery.com\/pl\/wp-json\/wp\/v2\/product\/33999","targetHints":{"allow":["GET"]}}],"collection":[{"href":"http:\/\/shinyyoustationery.com\/pl\/wp-json\/wp\/v2\/product"}],"about":[{"href":"http:\/\/shinyyoustationery.com\/pl\/wp-json\/wp\/v2\/types\/product"}],"version-history":[{"count":0,"href":"http:\/\/shinyyoustationery.com\/pl\/wp-json\/wp\/v2\/product\/33999\/revisions"}],"wp:featuredmedia":[{"embeddable":true,"href":"http:\/\/shinyyoustationery.com\/pl\/wp-json\/wp\/v2\/media\/34001"}],"wp:attachment":[{"href":"http:\/\/shinyyoustationery.com\/pl\/wp-json\/wp\/v2\/media?parent=33999"}],"wp:term":[{"taxonomy":"product_brand","embeddable":true,"href":"http:\/\/shinyyoustationery.com\/pl\/wp-json\/wp\/v2\/product_brand?post=33999"},{"taxonomy":"product_cat","embeddable":true,"href":"http:\/\/shinyyoustationery.com\/pl\/wp-json\/wp\/v2\/product_cat?post=33999"},{"taxonomy":"product_tag","embeddable":true,"href":"http:\/\/shinyyoustationery.com\/pl\/wp-json\/wp\/v2\/product_tag?post=33999"}],"curies":[{"name":"wp","href":"https:\/\/api.w.org\/{rel}","templated":true}]}}