{"id":34007,"date":"2025-06-30T13:36:25","date_gmt":"2025-06-30T05:36:25","guid":{"rendered":"http:\/\/45.63.70.205\/?post_type=product&#038;p=34007"},"modified":"2025-06-30T13:36:25","modified_gmt":"2025-06-30T05:36:25","slug":"bright-pink-round-push-pins-ideal-for-home-office-classroom","status":"publish","type":"product","link":"http:\/\/shinyyoustationery.com\/pl\/bright-pink-round-push-pins-ideal-for-home-office-classroom\/","title":{"rendered":"Jasnor\u00f3\u017cowe okr\u0105g\u0142e pinezki - idealne do domu, biura i klasy"},"content":{"rendered":"","protected":false},"excerpt":{"rendered":"<p>Te <strong data-start=\"115\" data-end=\"146\">Okr\u0105g\u0142e pinezki w kolorze jasnor\u00f3\u017cowym<\/strong> s\u0105 idealne do przypinania notatek, zdj\u0119\u0107 lub przypomnie\u0144 na tablicach og\u0142osze\u0144 i tablicach korkowych. \u017bywy r\u00f3\u017cowy kolor dodaje zabawnego i przyci\u0105gaj\u0105cego wzrok akcentu do miejsca pracy lub klasy. Czy to do u\u017cytku biurowego, organizacji domu, czy projekt\u00f3w szkolnych, te pinezki s\u0105 zar\u00f3wno trwa\u0142e, jak i stylowe, zapewniaj\u0105c, \u017ce wa\u017cne dokumenty pozostan\u0105 bezpiecznie na swoim miejscu. Niezb\u0119dne dla ka\u017cdego, kto chce doda\u0107 odrobin\u0119 koloru do swoich materia\u0142\u00f3w organizacyjnych!<\/p>","protected":false},"featured_media":34008,"template":"","meta":[],"product_brand":[],"product_cat":[697,700],"product_tag":[],"class_list":{"0":"post-34007","1":"product","2":"type-product","3":"status-publish","4":"has-post-thumbnail","6":"product_cat-push-pins","7":"product_cat-hot-pink-power-girl-collection","9":"first","10":"instock","11":"shipping-taxable","12":"product-type-simple"},"_links":{"self":[{"href":"http:\/\/shinyyoustationery.com\/pl\/wp-json\/wp\/v2\/product\/34007","targetHints":{"allow":["GET"]}}],"collection":[{"href":"http:\/\/shinyyoustationery.com\/pl\/wp-json\/wp\/v2\/product"}],"about":[{"href":"http:\/\/shinyyoustationery.com\/pl\/wp-json\/wp\/v2\/types\/product"}],"version-history":[{"count":0,"href":"http:\/\/shinyyoustationery.com\/pl\/wp-json\/wp\/v2\/product\/34007\/revisions"}],"wp:featuredmedia":[{"embeddable":true,"href":"http:\/\/shinyyoustationery.com\/pl\/wp-json\/wp\/v2\/media\/34008"}],"wp:attachment":[{"href":"http:\/\/shinyyoustationery.com\/pl\/wp-json\/wp\/v2\/media?parent=34007"}],"wp:term":[{"taxonomy":"product_brand","embeddable":true,"href":"http:\/\/shinyyoustationery.com\/pl\/wp-json\/wp\/v2\/product_brand?post=34007"},{"taxonomy":"product_cat","embeddable":true,"href":"http:\/\/shinyyoustationery.com\/pl\/wp-json\/wp\/v2\/product_cat?post=34007"},{"taxonomy":"product_tag","embeddable":true,"href":"http:\/\/shinyyoustationery.com\/pl\/wp-json\/wp\/v2\/product_tag?post=34007"}],"curies":[{"name":"wp","href":"https:\/\/api.w.org\/{rel}","templated":true}]}}