{"id":34025,"date":"2025-06-30T14:06:04","date_gmt":"2025-06-30T06:06:04","guid":{"rendered":"http:\/\/45.63.70.205\/?post_type=product&#038;p=34025"},"modified":"2025-08-13T05:29:54","modified_gmt":"2025-08-13T13:29:54","slug":"bright-pink-heart-shaped-magnetic-whiteboard-fun-and-practical-for-home-office-or-school","status":"publish","type":"product","link":"http:\/\/shinyyoustationery.com\/pl\/bright-pink-heart-shaped-magnetic-whiteboard-fun-and-practical-for-home-office-or-school\/","title":{"rendered":"Jasnor\u00f3\u017cowa tablica magnetyczna w kszta\u0142cie serca - zabawna i praktyczna do domu, biura lub szko\u0142y"},"content":{"rendered":"","protected":false},"excerpt":{"rendered":"<p>To <strong data-start=\"135\" data-end=\"183\">Jasnor\u00f3\u017cowa tablica magnetyczna w kszta\u0142cie serca<\/strong> to doskona\u0142e po\u0142\u0105czenie funkcjonalno\u015bci i stylu. Idealny do zapisywania przypomnie\u0144, notatek lub list rzeczy do zrobienia, dodaje zabawnego akcentu do ka\u017cdego miejsca pracy lub domu. Wz\u00f3r w kszta\u0142cie serca jest zar\u00f3wno uroczy, jak i wyj\u0105tkowy, co czyni go doskona\u0142ym dodatkiem do dziewcz\u0119cego pokoju, szkolnego biurka lub biura. Wyposa\u017cony w magnetyczn\u0105 powierzchni\u0119, jest idealny do przyczepiania wa\u017cnych notatek, zdj\u0119\u0107 lub przypomnie\u0144 za pomoc\u0105 magnes\u00f3w. Idealny dla uczni\u00f3w, nauczycieli lub ka\u017cdego, kto uwielbia dodawa\u0107 odrobin\u0119 zabawy do swoich narz\u0119dzi organizacyjnych!<\/p>","protected":false},"featured_media":34026,"template":"","meta":[],"product_brand":[],"product_cat":[454,698,700],"product_tag":[],"class_list":{"0":"post-34025","1":"product","2":"type-product","3":"status-publish","4":"has-post-thumbnail","6":"product_cat-whiteboard","7":"product_cat-magnets","8":"product_cat-hot-pink-power-girl-collection","10":"first","11":"instock","12":"shipping-taxable","13":"product-type-simple"},"_links":{"self":[{"href":"http:\/\/shinyyoustationery.com\/pl\/wp-json\/wp\/v2\/product\/34025","targetHints":{"allow":["GET"]}}],"collection":[{"href":"http:\/\/shinyyoustationery.com\/pl\/wp-json\/wp\/v2\/product"}],"about":[{"href":"http:\/\/shinyyoustationery.com\/pl\/wp-json\/wp\/v2\/types\/product"}],"version-history":[{"count":0,"href":"http:\/\/shinyyoustationery.com\/pl\/wp-json\/wp\/v2\/product\/34025\/revisions"}],"wp:featuredmedia":[{"embeddable":true,"href":"http:\/\/shinyyoustationery.com\/pl\/wp-json\/wp\/v2\/media\/34026"}],"wp:attachment":[{"href":"http:\/\/shinyyoustationery.com\/pl\/wp-json\/wp\/v2\/media?parent=34025"}],"wp:term":[{"taxonomy":"product_brand","embeddable":true,"href":"http:\/\/shinyyoustationery.com\/pl\/wp-json\/wp\/v2\/product_brand?post=34025"},{"taxonomy":"product_cat","embeddable":true,"href":"http:\/\/shinyyoustationery.com\/pl\/wp-json\/wp\/v2\/product_cat?post=34025"},{"taxonomy":"product_tag","embeddable":true,"href":"http:\/\/shinyyoustationery.com\/pl\/wp-json\/wp\/v2\/product_tag?post=34025"}],"curies":[{"name":"wp","href":"https:\/\/api.w.org\/{rel}","templated":true}]}}