{"id":34031,"date":"2025-06-30T14:09:04","date_gmt":"2025-06-30T06:09:04","guid":{"rendered":"http:\/\/45.63.70.205\/?post_type=product&#038;p=34031"},"modified":"2025-06-30T14:12:00","modified_gmt":"2025-06-30T06:12:00","slug":"neon-pink-wipe-clean-board-compact-and-fun-for-kids-students-home","status":"publish","type":"product","link":"http:\/\/shinyyoustationery.com\/pl\/neon-pink-wipe-clean-board-compact-and-fun-for-kids-students-home\/","title":{"rendered":"Neonowa r\u00f3\u017cowa tablica do wycierania - kompaktowa i zabawna dla dzieci, student\u00f3w i domu"},"content":{"rendered":"","protected":false},"excerpt":{"rendered":"<p>To <strong data-start=\"120\" data-end=\"150\">Neonowa r\u00f3\u017cowa deska do wycierania<\/strong> jest idealnym narz\u0119dziem dla student\u00f3w, dzieci lub ka\u017cdego, kto chce zachowa\u0107 porz\u0105dek w zabawny spos\u00f3b. \u017bywa, neonowo r\u00f3\u017cowa powierzchnia oferuje mn\u00f3stwo miejsca do pisania, rysowania lub zostawiania notatek i mo\u017cna j\u0105 \u0142atwo wytrze\u0107 do wielokrotnego u\u017cytku. Idealna do domu, szko\u0142y lub biura, ta tablica jest wyposa\u017cona w zmywalny marker i jest idealna do zapisywania przypomnie\u0144, zada\u0144 lub kreatywnych pomys\u0142\u00f3w. Niezb\u0119dna dla tych, kt\u00f3rzy kochaj\u0105 \u017cywe i praktyczne narz\u0119dzia do codziennego u\u017cytku!<\/p>","protected":false},"featured_media":34033,"template":"","meta":[],"product_brand":[],"product_cat":[454,700],"product_tag":[],"class_list":{"0":"post-34031","1":"product","2":"type-product","3":"status-publish","4":"has-post-thumbnail","6":"product_cat-whiteboard","7":"product_cat-hot-pink-power-girl-collection","9":"first","10":"instock","11":"shipping-taxable","12":"product-type-simple"},"_links":{"self":[{"href":"http:\/\/shinyyoustationery.com\/pl\/wp-json\/wp\/v2\/product\/34031","targetHints":{"allow":["GET"]}}],"collection":[{"href":"http:\/\/shinyyoustationery.com\/pl\/wp-json\/wp\/v2\/product"}],"about":[{"href":"http:\/\/shinyyoustationery.com\/pl\/wp-json\/wp\/v2\/types\/product"}],"version-history":[{"count":0,"href":"http:\/\/shinyyoustationery.com\/pl\/wp-json\/wp\/v2\/product\/34031\/revisions"}],"wp:featuredmedia":[{"embeddable":true,"href":"http:\/\/shinyyoustationery.com\/pl\/wp-json\/wp\/v2\/media\/34033"}],"wp:attachment":[{"href":"http:\/\/shinyyoustationery.com\/pl\/wp-json\/wp\/v2\/media?parent=34031"}],"wp:term":[{"taxonomy":"product_brand","embeddable":true,"href":"http:\/\/shinyyoustationery.com\/pl\/wp-json\/wp\/v2\/product_brand?post=34031"},{"taxonomy":"product_cat","embeddable":true,"href":"http:\/\/shinyyoustationery.com\/pl\/wp-json\/wp\/v2\/product_cat?post=34031"},{"taxonomy":"product_tag","embeddable":true,"href":"http:\/\/shinyyoustationery.com\/pl\/wp-json\/wp\/v2\/product_tag?post=34031"}],"curies":[{"name":"wp","href":"https:\/\/api.w.org\/{rel}","templated":true}]}}