{"id":34038,"date":"2025-06-30T14:25:27","date_gmt":"2025-06-30T06:25:27","guid":{"rendered":"http:\/\/45.63.70.205\/?post_type=product&#038;p=34038"},"modified":"2025-07-14T01:02:19","modified_gmt":"2025-07-14T09:02:19","slug":"bright-pink-document-bag-stylish-and-practical-organizer-for-school-office-home","status":"publish","type":"product","link":"http:\/\/shinyyoustationery.com\/pl\/bright-pink-document-bag-stylish-and-practical-organizer-for-school-office-home\/","title":{"rendered":"Jasnor\u00f3\u017cowa torba na dokumenty - stylowy i praktyczny organizer do szko\u0142y, biura i domu"},"content":{"rendered":"","protected":false},"excerpt":{"rendered":"<p>To <strong data-start=\"134\" data-end=\"162\">Jasnor\u00f3\u017cowa torba na dokumenty<\/strong> jest zar\u00f3wno funkcjonalny, jak i modny. Dzi\u0119ki wytrzyma\u0142emu materia\u0142owi i bezpiecznemu zamkni\u0119ciu, wa\u017cne papiery, dokumenty i artyku\u0142y pi\u015bmiennicze s\u0105 uporz\u0105dkowane i chronione. Jego \u017cywy r\u00f3\u017cowy kolor dodaje odrobin\u0119 zabawy i energii do miejsca pracy lub nauki. Idealna dla student\u00f3w, profesjonalist\u00f3w lub ka\u017cdego, kto szuka niezawodnego, ale stylowego sposobu na przechowywanie dokument\u00f3w, ta torba na dokumenty jest idealna do u\u017cytku domowego, szkolnego lub biurowego. Kompaktowa konstrukcja u\u0142atwia przenoszenie i przechowywanie, zapewniaj\u0105c porz\u0105dek i bezpiecze\u0144stwo niezb\u0119dnych rzeczy!<\/p>","protected":false},"featured_media":34039,"template":"","meta":[],"product_brand":[],"product_cat":[531,532,700,404],"product_tag":[],"class_list":{"0":"post-34038","1":"product","2":"type-product","3":"status-publish","4":"has-post-thumbnail","6":"product_cat-document-bag-case","7":"product_cat-briefcase","8":"product_cat-hot-pink-power-girl-collection","9":"product_cat-bags-cases","11":"first","12":"instock","13":"shipping-taxable","14":"product-type-simple"},"_links":{"self":[{"href":"http:\/\/shinyyoustationery.com\/pl\/wp-json\/wp\/v2\/product\/34038","targetHints":{"allow":["GET"]}}],"collection":[{"href":"http:\/\/shinyyoustationery.com\/pl\/wp-json\/wp\/v2\/product"}],"about":[{"href":"http:\/\/shinyyoustationery.com\/pl\/wp-json\/wp\/v2\/types\/product"}],"version-history":[{"count":0,"href":"http:\/\/shinyyoustationery.com\/pl\/wp-json\/wp\/v2\/product\/34038\/revisions"}],"wp:featuredmedia":[{"embeddable":true,"href":"http:\/\/shinyyoustationery.com\/pl\/wp-json\/wp\/v2\/media\/34039"}],"wp:attachment":[{"href":"http:\/\/shinyyoustationery.com\/pl\/wp-json\/wp\/v2\/media?parent=34038"}],"wp:term":[{"taxonomy":"product_brand","embeddable":true,"href":"http:\/\/shinyyoustationery.com\/pl\/wp-json\/wp\/v2\/product_brand?post=34038"},{"taxonomy":"product_cat","embeddable":true,"href":"http:\/\/shinyyoustationery.com\/pl\/wp-json\/wp\/v2\/product_cat?post=34038"},{"taxonomy":"product_tag","embeddable":true,"href":"http:\/\/shinyyoustationery.com\/pl\/wp-json\/wp\/v2\/product_tag?post=34038"}],"curies":[{"name":"wp","href":"https:\/\/api.w.org\/{rel}","templated":true}]}}