{"id":34044,"date":"2025-06-30T14:36:35","date_gmt":"2025-06-30T06:36:35","guid":{"rendered":"http:\/\/45.63.70.205\/?post_type=product&#038;p=34044"},"modified":"2025-06-30T14:38:37","modified_gmt":"2025-06-30T06:38:37","slug":"neon-pink-heart-sunglasses-document-bag-fun-and-functional-for-school-office","status":"publish","type":"product","link":"http:\/\/shinyyoustationery.com\/pl\/neon-pink-heart-sunglasses-document-bag-fun-and-functional-for-school-office\/","title":{"rendered":"Neonowa r\u00f3\u017cowa torba na dokumenty z okularami przeciws\u0142onecznymi - zabawna i funkcjonalna do szko\u0142y i biura"},"content":{"rendered":"","protected":false},"excerpt":{"rendered":"<p>To <strong data-start=\"133\" data-end=\"176\">Neonowe r\u00f3\u017cowe okulary przeciws\u0142oneczne Heart Document Bag<\/strong> to idealne po\u0142\u0105czenie zabawnego designu i praktycznego przechowywania. Wyposa\u017cony w zabawn\u0105 grafik\u0119 okular\u00f3w przeciws\u0142onecznych w kszta\u0142cie serca, jest idealny do przechowywania dokument\u00f3w, zeszyt\u00f3w lub artyku\u0142\u00f3w pi\u015bmiennych. Jasnor\u00f3\u017cowy kolor i bezpieczne zamkni\u0119cie sprawiaj\u0105, \u017ce jest to zabawny dodatek do akcesori\u00f3w szkolnych, biurowych lub podr\u00f3\u017cnych. Lekka i stylowa, ta torba jest idealna dla ka\u017cdego, kto chce doda\u0107 odrobin\u0119 koloru i osobowo\u015bci do swojego miejsca pracy lub niezb\u0119dnych rzeczy w podr\u00f3\u017cy.<\/p>","protected":false},"featured_media":34045,"template":"","meta":[],"product_brand":[],"product_cat":[531,404,700],"product_tag":[],"class_list":{"0":"post-34044","1":"product","2":"type-product","3":"status-publish","4":"has-post-thumbnail","6":"product_cat-document-bag-case","7":"product_cat-bags-cases","8":"product_cat-hot-pink-power-girl-collection","10":"first","11":"instock","12":"shipping-taxable","13":"product-type-simple"},"_links":{"self":[{"href":"http:\/\/shinyyoustationery.com\/pl\/wp-json\/wp\/v2\/product\/34044","targetHints":{"allow":["GET"]}}],"collection":[{"href":"http:\/\/shinyyoustationery.com\/pl\/wp-json\/wp\/v2\/product"}],"about":[{"href":"http:\/\/shinyyoustationery.com\/pl\/wp-json\/wp\/v2\/types\/product"}],"version-history":[{"count":0,"href":"http:\/\/shinyyoustationery.com\/pl\/wp-json\/wp\/v2\/product\/34044\/revisions"}],"wp:featuredmedia":[{"embeddable":true,"href":"http:\/\/shinyyoustationery.com\/pl\/wp-json\/wp\/v2\/media\/34045"}],"wp:attachment":[{"href":"http:\/\/shinyyoustationery.com\/pl\/wp-json\/wp\/v2\/media?parent=34044"}],"wp:term":[{"taxonomy":"product_brand","embeddable":true,"href":"http:\/\/shinyyoustationery.com\/pl\/wp-json\/wp\/v2\/product_brand?post=34044"},{"taxonomy":"product_cat","embeddable":true,"href":"http:\/\/shinyyoustationery.com\/pl\/wp-json\/wp\/v2\/product_cat?post=34044"},{"taxonomy":"product_tag","embeddable":true,"href":"http:\/\/shinyyoustationery.com\/pl\/wp-json\/wp\/v2\/product_tag?post=34044"}],"curies":[{"name":"wp","href":"https:\/\/api.w.org\/{rel}","templated":true}]}}