{"id":34050,"date":"2025-06-30T14:53:22","date_gmt":"2025-06-30T06:53:22","guid":{"rendered":"http:\/\/45.63.70.205\/?post_type=product&#038;p=34050"},"modified":"2025-07-07T15:32:50","modified_gmt":"2025-07-07T07:32:50","slug":"blue-monster-drawstring-bag-fun-and-practical-for-kids-sports-and-school","status":"publish","type":"product","link":"http:\/\/shinyyoustationery.com\/pl\/blue-monster-drawstring-bag-fun-and-practical-for-kids-sports-and-school\/","title":{"rendered":"Worek ze sznurkiem Blue Monster - zabawny i praktyczny dla dzieci, sportu i szko\u0142y"},"content":{"rendered":"","protected":false},"excerpt":{"rendered":"<p>To <strong data-start=\"119\" data-end=\"150\">Torba ze sznurkiem z niebieskim potworem<\/strong> to zabawne i funkcjonalne akcesorium dla dzieci, idealne do szko\u0142y, uprawiania sportu lub na zwyk\u0142e wyj\u015bcia. Torba z zabawnym wzorem twarzy potwora jest wykonana z wytrzyma\u0142ego materia\u0142u i oferuje du\u017co miejsca na ksi\u0105\u017cki, ubrania lub sprz\u0119t gimnastyczny. \u0141atwe w u\u017cyciu zamkni\u0119cie ze sznurkiem zapewnia szybki dost\u0119p i bezpieczne przechowywanie. Idealna dla m\u0142odych poszukiwaczy przyg\u00f3d lub ka\u017cdego, kto kocha dziwaczne, kolorowe akcesoria!<\/p>","protected":false},"featured_media":34055,"template":"","meta":[],"product_brand":[],"product_cat":[705,404,535,701],"product_tag":[],"class_list":{"0":"post-34050","1":"product","2":"type-product","3":"status-publish","4":"has-post-thumbnail","6":"product_cat-tote-bag","7":"product_cat-bags-cases","8":"product_cat-storage-bag","9":"product_cat-pixel-chomp-collection","11":"first","12":"instock","13":"shipping-taxable","14":"product-type-simple"},"_links":{"self":[{"href":"http:\/\/shinyyoustationery.com\/pl\/wp-json\/wp\/v2\/product\/34050","targetHints":{"allow":["GET"]}}],"collection":[{"href":"http:\/\/shinyyoustationery.com\/pl\/wp-json\/wp\/v2\/product"}],"about":[{"href":"http:\/\/shinyyoustationery.com\/pl\/wp-json\/wp\/v2\/types\/product"}],"version-history":[{"count":0,"href":"http:\/\/shinyyoustationery.com\/pl\/wp-json\/wp\/v2\/product\/34050\/revisions"}],"wp:featuredmedia":[{"embeddable":true,"href":"http:\/\/shinyyoustationery.com\/pl\/wp-json\/wp\/v2\/media\/34055"}],"wp:attachment":[{"href":"http:\/\/shinyyoustationery.com\/pl\/wp-json\/wp\/v2\/media?parent=34050"}],"wp:term":[{"taxonomy":"product_brand","embeddable":true,"href":"http:\/\/shinyyoustationery.com\/pl\/wp-json\/wp\/v2\/product_brand?post=34050"},{"taxonomy":"product_cat","embeddable":true,"href":"http:\/\/shinyyoustationery.com\/pl\/wp-json\/wp\/v2\/product_cat?post=34050"},{"taxonomy":"product_tag","embeddable":true,"href":"http:\/\/shinyyoustationery.com\/pl\/wp-json\/wp\/v2\/product_tag?post=34050"}],"curies":[{"name":"wp","href":"https:\/\/api.w.org\/{rel}","templated":true}]}}