{"id":34058,"date":"2025-06-30T15:20:03","date_gmt":"2025-06-30T07:20:03","guid":{"rendered":"http:\/\/45.63.70.205\/?post_type=product&#038;p=34058"},"modified":"2025-07-07T15:18:33","modified_gmt":"2025-07-07T07:18:33","slug":"canvas-pixel-chomp-pencil-case-fun-and-stylish-for-kids-school-and-office","status":"publish","type":"product","link":"http:\/\/shinyyoustationery.com\/pl\/canvas-pixel-chomp-pencil-case-fun-and-stylish-for-kids-school-and-office\/","title":{"rendered":"Pi\u00f3rnik Canvas Pixel i Chomp - zabawny i stylowy dla dzieci, szko\u0142y i biura"},"content":{"rendered":"","protected":false},"excerpt":{"rendered":"<p>To <strong data-start=\"122\" data-end=\"158\">Pi\u00f3rnik Canvas Pixel i Chomp<\/strong> jest idealny do porz\u0105dkowania d\u0142ugopis\u00f3w, o\u0142\u00f3wk\u00f3w i innych ma\u0142ych artyku\u0142\u00f3w pi\u015bmiennych. Wyposa\u017cony w zabawny <strong data-start=\"256\" data-end=\"273\">Pixel &amp; Chomp<\/strong> jest idealna dla student\u00f3w, dzieci i m\u0142odych profesjonalist\u00f3w. Wytrzyma\u0142y materia\u0142 p\u0142\u00f3cienny zapewnia odporno\u015b\u0107 na codzienne u\u017cytkowanie, a jasnoniebieski zamek b\u0142yskawiczny dodaje zabawnego akcentu kolorystycznego. \u015awietny wyb\u00f3r do szko\u0142y, pracy lub jako uroczy prezent, ten pi\u00f3rnik \u0142\u0105czy funkcjonalno\u015b\u0107 z zabawnym, niepowtarzalnym stylem!<\/p>","protected":false},"featured_media":34059,"template":"","meta":[],"product_brand":[],"product_cat":[520,477,701],"product_tag":[],"class_list":{"0":"post-34058","1":"product","2":"type-product","3":"status-publish","4":"has-post-thumbnail","6":"product_cat-pencil-case-pouch","7":"product_cat-school-bags","8":"product_cat-pixel-chomp-collection","10":"first","11":"instock","12":"shipping-taxable","13":"product-type-simple"},"_links":{"self":[{"href":"http:\/\/shinyyoustationery.com\/pl\/wp-json\/wp\/v2\/product\/34058","targetHints":{"allow":["GET"]}}],"collection":[{"href":"http:\/\/shinyyoustationery.com\/pl\/wp-json\/wp\/v2\/product"}],"about":[{"href":"http:\/\/shinyyoustationery.com\/pl\/wp-json\/wp\/v2\/types\/product"}],"version-history":[{"count":0,"href":"http:\/\/shinyyoustationery.com\/pl\/wp-json\/wp\/v2\/product\/34058\/revisions"}],"wp:featuredmedia":[{"embeddable":true,"href":"http:\/\/shinyyoustationery.com\/pl\/wp-json\/wp\/v2\/media\/34059"}],"wp:attachment":[{"href":"http:\/\/shinyyoustationery.com\/pl\/wp-json\/wp\/v2\/media?parent=34058"}],"wp:term":[{"taxonomy":"product_brand","embeddable":true,"href":"http:\/\/shinyyoustationery.com\/pl\/wp-json\/wp\/v2\/product_brand?post=34058"},{"taxonomy":"product_cat","embeddable":true,"href":"http:\/\/shinyyoustationery.com\/pl\/wp-json\/wp\/v2\/product_cat?post=34058"},{"taxonomy":"product_tag","embeddable":true,"href":"http:\/\/shinyyoustationery.com\/pl\/wp-json\/wp\/v2\/product_tag?post=34058"}],"curies":[{"name":"wp","href":"https:\/\/api.w.org\/{rel}","templated":true}]}}