{"id":34063,"date":"2025-06-30T15:22:28","date_gmt":"2025-06-30T07:22:28","guid":{"rendered":"http:\/\/45.63.70.205\/?post_type=product&#038;p=34063"},"modified":"2025-07-07T15:18:27","modified_gmt":"2025-07-07T07:18:27","slug":"canvas-pixel-chomp-pencil-case-with-markers-fun-and-practical-for-school-kids-and-art-projects","status":"publish","type":"product","link":"http:\/\/shinyyoustationery.com\/pl\/canvas-pixel-chomp-pencil-case-with-markers-fun-and-practical-for-school-kids-and-art-projects\/","title":{"rendered":"Pi\u00f3rnik Canvas Pixel i Chomp z markerami - zabawny i praktyczny do szko\u0142y, dla dzieci i projekt\u00f3w artystycznych"},"content":{"rendered":"","protected":false},"excerpt":{"rendered":"<p>To <strong data-start=\"143\" data-end=\"179\">Pi\u00f3rnik Canvas Pixel i Chomp<\/strong> jest idealny do przechowywania d\u0142ugopis\u00f3w, o\u0142\u00f3wk\u00f3w i marker\u00f3w. Wyposa\u017cony w zabawny <strong data-start=\"266\" data-end=\"283\">Pixel &amp; Chomp<\/strong> W zestawie znajduje si\u0119 zestaw kolorowych marker\u00f3w, kt\u00f3re inspiruj\u0105 do kreatywno\u015bci. Wytrzyma\u0142y materia\u0142 p\u0142\u00f3cienny zapewnia odporno\u015b\u0107 na codzienne u\u017cytkowanie, a jasnoniebieski zamek b\u0142yskawiczny dodaje zabawnego koloru. Idealny do szko\u0142y, projekt\u00f3w artystycznych lub jako prezent, ten pi\u00f3rnik jest zar\u00f3wno stylowy, jak i praktyczny dla dzieci, student\u00f3w i artyst\u00f3w.<\/p>","protected":false},"featured_media":34064,"template":"","meta":[],"product_brand":[],"product_cat":[520,477,701],"product_tag":[],"class_list":{"0":"post-34063","1":"product","2":"type-product","3":"status-publish","4":"has-post-thumbnail","6":"product_cat-pencil-case-pouch","7":"product_cat-school-bags","8":"product_cat-pixel-chomp-collection","10":"first","11":"instock","12":"shipping-taxable","13":"product-type-simple"},"_links":{"self":[{"href":"http:\/\/shinyyoustationery.com\/pl\/wp-json\/wp\/v2\/product\/34063","targetHints":{"allow":["GET"]}}],"collection":[{"href":"http:\/\/shinyyoustationery.com\/pl\/wp-json\/wp\/v2\/product"}],"about":[{"href":"http:\/\/shinyyoustationery.com\/pl\/wp-json\/wp\/v2\/types\/product"}],"version-history":[{"count":0,"href":"http:\/\/shinyyoustationery.com\/pl\/wp-json\/wp\/v2\/product\/34063\/revisions"}],"wp:featuredmedia":[{"embeddable":true,"href":"http:\/\/shinyyoustationery.com\/pl\/wp-json\/wp\/v2\/media\/34064"}],"wp:attachment":[{"href":"http:\/\/shinyyoustationery.com\/pl\/wp-json\/wp\/v2\/media?parent=34063"}],"wp:term":[{"taxonomy":"product_brand","embeddable":true,"href":"http:\/\/shinyyoustationery.com\/pl\/wp-json\/wp\/v2\/product_brand?post=34063"},{"taxonomy":"product_cat","embeddable":true,"href":"http:\/\/shinyyoustationery.com\/pl\/wp-json\/wp\/v2\/product_cat?post=34063"},{"taxonomy":"product_tag","embeddable":true,"href":"http:\/\/shinyyoustationery.com\/pl\/wp-json\/wp\/v2\/product_tag?post=34063"}],"curies":[{"name":"wp","href":"https:\/\/api.w.org\/{rel}","templated":true}]}}