{"id":34070,"date":"2025-06-30T15:26:32","date_gmt":"2025-06-30T07:26:32","guid":{"rendered":"http:\/\/45.63.70.205\/?post_type=product&#038;p=34070"},"modified":"2025-07-07T15:18:19","modified_gmt":"2025-07-07T07:18:19","slug":"green-monster-design-pencil-case-fun-and-colorful-for-kids-school","status":"publish","type":"product","link":"http:\/\/shinyyoustationery.com\/pl\/green-monster-design-pencil-case-fun-and-colorful-for-kids-school\/","title":{"rendered":"Pi\u00f3rnik Green Monster Design - zabawny i kolorowy dla dzieci i szko\u0142y"},"content":{"rendered":"","protected":false},"excerpt":{"rendered":"<p>To <strong data-start=\"118\" data-end=\"154\">Pi\u00f3rnik Green Monster Design<\/strong> to idealne akcesorium dla ka\u017cdego m\u0142odego ucznia lub dziecka, kt\u00f3re uwielbia dziwaczne i kolorowe wzory. Wyposa\u017cony w zabawnego zielonego potwora z pikselowymi detalami, ten pi\u00f3rnik jest idealny do przechowywania d\u0142ugopis\u00f3w, o\u0142\u00f3wk\u00f3w i innych artyku\u0142\u00f3w pi\u015bmiennych. Trwa\u0142e zamkni\u0119cie na zamek b\u0142yskawiczny zapewnia bezpieczne przechowywanie, a jego kompaktowy rozmiar u\u0142atwia przenoszenie w plecaku lub szufladzie biurka. \u015awietny do szko\u0142y, domu lub jako prezent dla ka\u017cdego kochaj\u0105cego zabaw\u0119 dziecka!<\/p>","protected":false},"featured_media":34072,"template":"","meta":[],"product_brand":[],"product_cat":[520,477,701],"product_tag":[],"class_list":{"0":"post-34070","1":"product","2":"type-product","3":"status-publish","4":"has-post-thumbnail","6":"product_cat-pencil-case-pouch","7":"product_cat-school-bags","8":"product_cat-pixel-chomp-collection","10":"first","11":"instock","12":"shipping-taxable","13":"product-type-simple"},"_links":{"self":[{"href":"http:\/\/shinyyoustationery.com\/pl\/wp-json\/wp\/v2\/product\/34070","targetHints":{"allow":["GET"]}}],"collection":[{"href":"http:\/\/shinyyoustationery.com\/pl\/wp-json\/wp\/v2\/product"}],"about":[{"href":"http:\/\/shinyyoustationery.com\/pl\/wp-json\/wp\/v2\/types\/product"}],"version-history":[{"count":0,"href":"http:\/\/shinyyoustationery.com\/pl\/wp-json\/wp\/v2\/product\/34070\/revisions"}],"wp:featuredmedia":[{"embeddable":true,"href":"http:\/\/shinyyoustationery.com\/pl\/wp-json\/wp\/v2\/media\/34072"}],"wp:attachment":[{"href":"http:\/\/shinyyoustationery.com\/pl\/wp-json\/wp\/v2\/media?parent=34070"}],"wp:term":[{"taxonomy":"product_brand","embeddable":true,"href":"http:\/\/shinyyoustationery.com\/pl\/wp-json\/wp\/v2\/product_brand?post=34070"},{"taxonomy":"product_cat","embeddable":true,"href":"http:\/\/shinyyoustationery.com\/pl\/wp-json\/wp\/v2\/product_cat?post=34070"},{"taxonomy":"product_tag","embeddable":true,"href":"http:\/\/shinyyoustationery.com\/pl\/wp-json\/wp\/v2\/product_tag?post=34070"}],"curies":[{"name":"wp","href":"https:\/\/api.w.org\/{rel}","templated":true}]}}