{"id":34076,"date":"2025-06-30T15:30:46","date_gmt":"2025-06-30T07:30:46","guid":{"rendered":"http:\/\/45.63.70.205\/?post_type=product&#038;p=34076"},"modified":"2025-07-07T15:18:11","modified_gmt":"2025-07-07T07:18:11","slug":"green-monster-pencil-case-fun-and-colorful-for-kids-school-and-art-supplies","status":"publish","type":"product","link":"http:\/\/shinyyoustationery.com\/pl\/green-monster-pencil-case-fun-and-colorful-for-kids-school-and-art-supplies\/","title":{"rendered":"Pi\u00f3rnik Green Monster - zabawny i kolorowy dla dzieci, do szko\u0142y i na przybory plastyczne"},"content":{"rendered":"","protected":false},"excerpt":{"rendered":"<p>To <strong data-start=\"122\" data-end=\"151\">Pi\u00f3rnik z zielonym potworem<\/strong> to zabawny spos\u00f3b na uporz\u0105dkowanie d\u0142ugopis\u00f3w, o\u0142\u00f3wk\u00f3w i innych artyku\u0142\u00f3w pi\u015bmiennych. Wyposa\u017cony w uroczy wz\u00f3r zielonego potwora, jest idealny dla dzieci, student\u00f3w lub ka\u017cdego, kto kocha dziwaczne akcesoria. Wytrzyma\u0142y materia\u0142 i zamkni\u0119cie na zamek b\u0142yskawiczny sprawiaj\u0105, \u017ce idealnie nadaje si\u0119 do szko\u0142y, domu lub projekt\u00f3w artystycznych, zapewniaj\u0105c zar\u00f3wno styl, jak i funkcjonalno\u015b\u0107. \u015awietny prezent dla m\u0142odych tw\u00f3rc\u00f3w lub zabawny dodatek do w\u0142asnej kolekcji!<\/p>","protected":false},"featured_media":34078,"template":"","meta":[],"product_brand":[],"product_cat":[520,477,701],"product_tag":[],"class_list":{"0":"post-34076","1":"product","2":"type-product","3":"status-publish","4":"has-post-thumbnail","6":"product_cat-pencil-case-pouch","7":"product_cat-school-bags","8":"product_cat-pixel-chomp-collection","10":"first","11":"instock","12":"shipping-taxable","13":"product-type-simple"},"_links":{"self":[{"href":"http:\/\/shinyyoustationery.com\/pl\/wp-json\/wp\/v2\/product\/34076","targetHints":{"allow":["GET"]}}],"collection":[{"href":"http:\/\/shinyyoustationery.com\/pl\/wp-json\/wp\/v2\/product"}],"about":[{"href":"http:\/\/shinyyoustationery.com\/pl\/wp-json\/wp\/v2\/types\/product"}],"version-history":[{"count":0,"href":"http:\/\/shinyyoustationery.com\/pl\/wp-json\/wp\/v2\/product\/34076\/revisions"}],"wp:featuredmedia":[{"embeddable":true,"href":"http:\/\/shinyyoustationery.com\/pl\/wp-json\/wp\/v2\/media\/34078"}],"wp:attachment":[{"href":"http:\/\/shinyyoustationery.com\/pl\/wp-json\/wp\/v2\/media?parent=34076"}],"wp:term":[{"taxonomy":"product_brand","embeddable":true,"href":"http:\/\/shinyyoustationery.com\/pl\/wp-json\/wp\/v2\/product_brand?post=34076"},{"taxonomy":"product_cat","embeddable":true,"href":"http:\/\/shinyyoustationery.com\/pl\/wp-json\/wp\/v2\/product_cat?post=34076"},{"taxonomy":"product_tag","embeddable":true,"href":"http:\/\/shinyyoustationery.com\/pl\/wp-json\/wp\/v2\/product_tag?post=34076"}],"curies":[{"name":"wp","href":"https:\/\/api.w.org\/{rel}","templated":true}]}}