{"id":34080,"date":"2025-06-30T15:43:25","date_gmt":"2025-06-30T07:43:25","guid":{"rendered":"http:\/\/45.63.70.205\/?post_type=product&#038;p=34080"},"modified":"2025-07-07T15:18:04","modified_gmt":"2025-07-07T07:18:04","slug":"yellow-pixel-chomp-pencil-case-bright-and-fun-for-school-kids-and-office","status":"publish","type":"product","link":"http:\/\/shinyyoustationery.com\/pl\/yellow-pixel-chomp-pencil-case-bright-and-fun-for-school-kids-and-office\/","title":{"rendered":"\u017b\u00f3\u0142ty pi\u00f3rnik Pixel i Chomp - jasny i zabawny dla szko\u0142y, dzieci i biura"},"content":{"rendered":"","protected":false},"excerpt":{"rendered":"<p>To <strong data-start=\"125\" data-end=\"161\">\u017b\u00f3\u0142ty pi\u00f3rnik Pixel i Chomp<\/strong> to \u017cywe i zabawne akcesorium, kt\u00f3re idealnie nadaje si\u0119 do porz\u0105dkowania d\u0142ugopis\u00f3w, o\u0142\u00f3wk\u00f3w i innych artyku\u0142\u00f3w pi\u015bmiennych. Wyposa\u017cony w odwa\u017cny <strong data-start=\"292\" data-end=\"309\">Pixel &amp; Chomp<\/strong> Ten pi\u00f3rnik jest idealny dla student\u00f3w, dzieci lub ka\u017cdego, kto chce doda\u0107 troch\u0119 zabawy do swoich przybor\u00f3w szkolnych lub biurowych. Wytrzyma\u0142y materia\u0142 i g\u0142adkie zamkni\u0119cie na zamek b\u0142yskawiczny zapewniaj\u0105 bezpiecze\u0144stwo i \u0142atwy dost\u0119p do przedmiot\u00f3w. Idealny do rozja\u015bnienia biurka lub plecaka!<\/p>","protected":false},"featured_media":34081,"template":"","meta":[],"product_brand":[],"product_cat":[520,477,701],"product_tag":[],"class_list":{"0":"post-34080","1":"product","2":"type-product","3":"status-publish","4":"has-post-thumbnail","6":"product_cat-pencil-case-pouch","7":"product_cat-school-bags","8":"product_cat-pixel-chomp-collection","10":"first","11":"instock","12":"shipping-taxable","13":"product-type-simple"},"_links":{"self":[{"href":"http:\/\/shinyyoustationery.com\/pl\/wp-json\/wp\/v2\/product\/34080","targetHints":{"allow":["GET"]}}],"collection":[{"href":"http:\/\/shinyyoustationery.com\/pl\/wp-json\/wp\/v2\/product"}],"about":[{"href":"http:\/\/shinyyoustationery.com\/pl\/wp-json\/wp\/v2\/types\/product"}],"version-history":[{"count":0,"href":"http:\/\/shinyyoustationery.com\/pl\/wp-json\/wp\/v2\/product\/34080\/revisions"}],"wp:featuredmedia":[{"embeddable":true,"href":"http:\/\/shinyyoustationery.com\/pl\/wp-json\/wp\/v2\/media\/34081"}],"wp:attachment":[{"href":"http:\/\/shinyyoustationery.com\/pl\/wp-json\/wp\/v2\/media?parent=34080"}],"wp:term":[{"taxonomy":"product_brand","embeddable":true,"href":"http:\/\/shinyyoustationery.com\/pl\/wp-json\/wp\/v2\/product_brand?post=34080"},{"taxonomy":"product_cat","embeddable":true,"href":"http:\/\/shinyyoustationery.com\/pl\/wp-json\/wp\/v2\/product_cat?post=34080"},{"taxonomy":"product_tag","embeddable":true,"href":"http:\/\/shinyyoustationery.com\/pl\/wp-json\/wp\/v2\/product_tag?post=34080"}],"curies":[{"name":"wp","href":"https:\/\/api.w.org\/{rel}","templated":true}]}}