{"id":34087,"date":"2025-06-30T15:51:30","date_gmt":"2025-06-30T07:51:30","guid":{"rendered":"http:\/\/45.63.70.205\/?post_type=product&#038;p=34087"},"modified":"2025-07-07T15:23:41","modified_gmt":"2025-07-07T07:23:41","slug":"green-monster-coin-purse-with-key-ring-fun-and-functional-for-kids-teens-and-accessories","status":"publish","type":"product","link":"http:\/\/shinyyoustationery.com\/pl\/green-monster-coin-purse-with-key-ring-fun-and-functional-for-kids-teens-and-accessories\/","title":{"rendered":"Portmonetka Green Monster z k\u00f3\u0142kiem na klucze - zabawna i funkcjonalna dla dzieci, nastolatk\u00f3w i akcesori\u00f3w"},"content":{"rendered":"","protected":false},"excerpt":{"rendered":"<p>To <strong data-start=\"135\" data-end=\"163\">Portmonetka z zielonym potworem<\/strong> z brelokiem to zabawny i praktyczny dodatek dla dzieci i nastolatk\u00f3w. Zaprojektowana w kszta\u0142cie uroczego zielonego potwora z du\u017cymi oczami i szerokim u\u015bmiechem, ta portmonetka jest idealna do przechowywania monet, drobnych, a nawet ma\u0142ych przedmiot\u00f3w, takich jak klucze. Do\u0142\u0105czony brelok umo\u017cliwia \u0142atwe przymocowanie go do plecaka, kluczy lub torby w celu wygodnego dost\u0119pu. Zabawny, dziwaczny prezent lub niezb\u0119dny dodatek dla ka\u017cdego, kto kocha wyj\u0105tkowe, kolorowe przedmioty!<\/p>","protected":false},"featured_media":34089,"template":"","meta":[],"product_brand":[],"product_cat":[716,404,477,659,701],"product_tag":[],"class_list":{"0":"post-34087","1":"product","2":"type-product","3":"status-publish","4":"has-post-thumbnail","6":"product_cat-coin-purse","7":"product_cat-bags-cases","8":"product_cat-school-bags","9":"product_cat-keychain","10":"product_cat-pixel-chomp-collection","12":"first","13":"instock","14":"shipping-taxable","15":"product-type-simple"},"_links":{"self":[{"href":"http:\/\/shinyyoustationery.com\/pl\/wp-json\/wp\/v2\/product\/34087","targetHints":{"allow":["GET"]}}],"collection":[{"href":"http:\/\/shinyyoustationery.com\/pl\/wp-json\/wp\/v2\/product"}],"about":[{"href":"http:\/\/shinyyoustationery.com\/pl\/wp-json\/wp\/v2\/types\/product"}],"version-history":[{"count":0,"href":"http:\/\/shinyyoustationery.com\/pl\/wp-json\/wp\/v2\/product\/34087\/revisions"}],"wp:featuredmedia":[{"embeddable":true,"href":"http:\/\/shinyyoustationery.com\/pl\/wp-json\/wp\/v2\/media\/34089"}],"wp:attachment":[{"href":"http:\/\/shinyyoustationery.com\/pl\/wp-json\/wp\/v2\/media?parent=34087"}],"wp:term":[{"taxonomy":"product_brand","embeddable":true,"href":"http:\/\/shinyyoustationery.com\/pl\/wp-json\/wp\/v2\/product_brand?post=34087"},{"taxonomy":"product_cat","embeddable":true,"href":"http:\/\/shinyyoustationery.com\/pl\/wp-json\/wp\/v2\/product_cat?post=34087"},{"taxonomy":"product_tag","embeddable":true,"href":"http:\/\/shinyyoustationery.com\/pl\/wp-json\/wp\/v2\/product_tag?post=34087"}],"curies":[{"name":"wp","href":"https:\/\/api.w.org\/{rel}","templated":true}]}}