{"id":34092,"date":"2025-06-30T15:58:22","date_gmt":"2025-06-30T07:58:22","guid":{"rendered":"http:\/\/45.63.70.205\/?post_type=product&#038;p=34092"},"modified":"2025-07-02T19:44:31","modified_gmt":"2025-07-02T11:44:31","slug":"pixel-chomp-highlighter-set-vibrant-colors-for-school-office","status":"publish","type":"product","link":"http:\/\/shinyyoustationery.com\/pl\/pixel-chomp-highlighter-set-vibrant-colors-for-school-office\/","title":{"rendered":"Zestaw zakre\u015blaczy Pixel &amp; Chomp - \u017cywe kolory do szko\u0142y i biura"},"content":{"rendered":"","protected":false},"excerpt":{"rendered":"<p>To <strong data-start=\"123\" data-end=\"156\">Zestaw zakre\u015blaczy Pixel i Chomp<\/strong> zawiera trzy jasne i zabawne zakre\u015blacze w kolorze niebieskim, zielonym i r\u00f3\u017cowym. Idealne dla student\u00f3w, profesjonalist\u00f3w i ka\u017cdego, kto lubi dodawa\u0107 kolor do swoich notatek i dokument\u00f3w. Zabawny <strong data-start=\"347\" data-end=\"364\">Pixel &amp; Chomp<\/strong> Konstrukcja sprawia, \u017ce zakre\u015blanie jest przyjemnym zadaniem, a wysokiej jako\u015bci tusz zapewnia p\u0142ynne i \u017cywe podkre\u015blanie. Idealny do nauki, organizacji lub kreatywnych projekt\u00f3w, ten zestaw zakre\u015blaczy jest zar\u00f3wno praktyczny, jak i zabawny!<\/p>","protected":false},"featured_media":34094,"template":"","meta":[],"product_brand":[],"product_cat":[418,415,701],"product_tag":[],"class_list":{"0":"post-34092","1":"product","2":"type-product","3":"status-publish","4":"has-post-thumbnail","6":"product_cat-highlighter","7":"product_cat-pen","8":"product_cat-pixel-chomp-collection","10":"first","11":"instock","12":"shipping-taxable","13":"product-type-simple"},"_links":{"self":[{"href":"http:\/\/shinyyoustationery.com\/pl\/wp-json\/wp\/v2\/product\/34092","targetHints":{"allow":["GET"]}}],"collection":[{"href":"http:\/\/shinyyoustationery.com\/pl\/wp-json\/wp\/v2\/product"}],"about":[{"href":"http:\/\/shinyyoustationery.com\/pl\/wp-json\/wp\/v2\/types\/product"}],"version-history":[{"count":0,"href":"http:\/\/shinyyoustationery.com\/pl\/wp-json\/wp\/v2\/product\/34092\/revisions"}],"wp:featuredmedia":[{"embeddable":true,"href":"http:\/\/shinyyoustationery.com\/pl\/wp-json\/wp\/v2\/media\/34094"}],"wp:attachment":[{"href":"http:\/\/shinyyoustationery.com\/pl\/wp-json\/wp\/v2\/media?parent=34092"}],"wp:term":[{"taxonomy":"product_brand","embeddable":true,"href":"http:\/\/shinyyoustationery.com\/pl\/wp-json\/wp\/v2\/product_brand?post=34092"},{"taxonomy":"product_cat","embeddable":true,"href":"http:\/\/shinyyoustationery.com\/pl\/wp-json\/wp\/v2\/product_cat?post=34092"},{"taxonomy":"product_tag","embeddable":true,"href":"http:\/\/shinyyoustationery.com\/pl\/wp-json\/wp\/v2\/product_tag?post=34092"}],"curies":[{"name":"wp","href":"https:\/\/api.w.org\/{rel}","templated":true}]}}