{"id":34099,"date":"2025-06-30T16:05:19","date_gmt":"2025-06-30T08:05:19","guid":{"rendered":"http:\/\/45.63.70.205\/?post_type=product&#038;p=34099"},"modified":"2025-07-02T19:44:23","modified_gmt":"2025-07-02T11:44:23","slug":"pixel-chomp-highlighter-set-bright-neon-colors-for-school-office-and-study","status":"publish","type":"product","link":"http:\/\/shinyyoustationery.com\/pl\/pixel-chomp-highlighter-set-bright-neon-colors-for-school-office-and-study\/","title":{"rendered":"Zestaw zakre\u015blaczy Pixel &amp; Chomp - jasne, neonowe kolory do szko\u0142y, biura i nauki"},"content":{"rendered":"","protected":false},"excerpt":{"rendered":"<p>To <strong data-start=\"123\" data-end=\"156\">Zestaw zakre\u015blaczy Pixel i Chomp<\/strong> zawiera cztery \u017cywe neonowe kolory - \u017c\u00f3\u0142ty, zielony, pomara\u0144czowy i r\u00f3\u017cowy - idealne dla student\u00f3w, pracownik\u00f3w biurowych i kreatywnych umys\u0142\u00f3w. Dzi\u0119ki zabawnemu, pikselowemu wzorowi potwora, zakre\u015blacze te wnosz\u0105 zar\u00f3wno praktyczno\u015b\u0107, jak i osobowo\u015b\u0107 do notatek, zada\u0144 i dokument\u00f3w. Ich odwa\u017cne kolory zapewniaj\u0105 wyr\u00f3\u017cnienie wa\u017cnych punkt\u00f3w, dzi\u0119ki czemu idealnie nadaj\u0105 si\u0119 do szko\u0142y, nauki lub organizowania materia\u0142\u00f3w roboczych. Idealne dla ka\u017cdego, kto chce doda\u0107 troch\u0119 koloru do swoich codziennych zada\u0144!<\/p>","protected":false},"featured_media":34097,"template":"","meta":[],"product_brand":[],"product_cat":[418,415,701],"product_tag":[],"class_list":{"0":"post-34099","1":"product","2":"type-product","3":"status-publish","4":"has-post-thumbnail","6":"product_cat-highlighter","7":"product_cat-pen","8":"product_cat-pixel-chomp-collection","10":"first","11":"instock","12":"shipping-taxable","13":"product-type-simple"},"_links":{"self":[{"href":"http:\/\/shinyyoustationery.com\/pl\/wp-json\/wp\/v2\/product\/34099","targetHints":{"allow":["GET"]}}],"collection":[{"href":"http:\/\/shinyyoustationery.com\/pl\/wp-json\/wp\/v2\/product"}],"about":[{"href":"http:\/\/shinyyoustationery.com\/pl\/wp-json\/wp\/v2\/types\/product"}],"version-history":[{"count":0,"href":"http:\/\/shinyyoustationery.com\/pl\/wp-json\/wp\/v2\/product\/34099\/revisions"}],"wp:featuredmedia":[{"embeddable":true,"href":"http:\/\/shinyyoustationery.com\/pl\/wp-json\/wp\/v2\/media\/34097"}],"wp:attachment":[{"href":"http:\/\/shinyyoustationery.com\/pl\/wp-json\/wp\/v2\/media?parent=34099"}],"wp:term":[{"taxonomy":"product_brand","embeddable":true,"href":"http:\/\/shinyyoustationery.com\/pl\/wp-json\/wp\/v2\/product_brand?post=34099"},{"taxonomy":"product_cat","embeddable":true,"href":"http:\/\/shinyyoustationery.com\/pl\/wp-json\/wp\/v2\/product_cat?post=34099"},{"taxonomy":"product_tag","embeddable":true,"href":"http:\/\/shinyyoustationery.com\/pl\/wp-json\/wp\/v2\/product_tag?post=34099"}],"curies":[{"name":"wp","href":"https:\/\/api.w.org\/{rel}","templated":true}]}}