{"id":34102,"date":"2025-06-30T16:43:06","date_gmt":"2025-06-30T08:43:06","guid":{"rendered":"http:\/\/45.63.70.205\/?post_type=product&#038;p=34102"},"modified":"2025-06-30T16:43:06","modified_gmt":"2025-06-30T08:43:06","slug":"pixel-chomp-stationery-set-bright-and-fun-for-school-office-and-kids","status":"publish","type":"product","link":"http:\/\/shinyyoustationery.com\/pl\/pixel-chomp-stationery-set-bright-and-fun-for-school-office-and-kids\/","title":{"rendered":"Zestaw papeterii Pixel &amp; Chomp - jasny i zabawny dla szko\u0142y, biura i dzieci"},"content":{"rendered":"","protected":false},"excerpt":{"rendered":"<p>To <strong data-start=\"117\" data-end=\"149\">Zestaw papeterii Pixel &amp; Chomp<\/strong> zawiera cztery kolorowe d\u0142ugopisy i zakre\u015blacze: niebieski, zielony, \u017c\u00f3\u0142ty i przezroczysty. Idealny dla student\u00f3w, dzieci i pracownik\u00f3w biurowych, zestaw ten wnosi zar\u00f3wno styl, jak i funkcjonalno\u015b\u0107 do codziennych zada\u0144. Zabawny <strong data-start=\"368\" data-end=\"385\">Pixel &amp; Chomp<\/strong> Design sprawia, \u017ce nauka, praca lub porz\u0105dkowanie s\u0105 przyjemniejsze. Idealny do u\u017cytku w szkole, domu lub biurze, ten \u017cywy zestaw doda zabawny kolor do Twojej kolekcji artyku\u0142\u00f3w pi\u015bmiennych!<\/p>","protected":false},"featured_media":34103,"template":"","meta":[],"product_brand":[],"product_cat":[331,701],"product_tag":[],"class_list":{"0":"post-34102","1":"product","2":"type-product","3":"status-publish","4":"has-post-thumbnail","6":"product_cat-stationery-set","7":"product_cat-pixel-chomp-collection","9":"first","10":"instock","11":"shipping-taxable","12":"product-type-simple"},"_links":{"self":[{"href":"http:\/\/shinyyoustationery.com\/pl\/wp-json\/wp\/v2\/product\/34102","targetHints":{"allow":["GET"]}}],"collection":[{"href":"http:\/\/shinyyoustationery.com\/pl\/wp-json\/wp\/v2\/product"}],"about":[{"href":"http:\/\/shinyyoustationery.com\/pl\/wp-json\/wp\/v2\/types\/product"}],"version-history":[{"count":0,"href":"http:\/\/shinyyoustationery.com\/pl\/wp-json\/wp\/v2\/product\/34102\/revisions"}],"wp:featuredmedia":[{"embeddable":true,"href":"http:\/\/shinyyoustationery.com\/pl\/wp-json\/wp\/v2\/media\/34103"}],"wp:attachment":[{"href":"http:\/\/shinyyoustationery.com\/pl\/wp-json\/wp\/v2\/media?parent=34102"}],"wp:term":[{"taxonomy":"product_brand","embeddable":true,"href":"http:\/\/shinyyoustationery.com\/pl\/wp-json\/wp\/v2\/product_brand?post=34102"},{"taxonomy":"product_cat","embeddable":true,"href":"http:\/\/shinyyoustationery.com\/pl\/wp-json\/wp\/v2\/product_cat?post=34102"},{"taxonomy":"product_tag","embeddable":true,"href":"http:\/\/shinyyoustationery.com\/pl\/wp-json\/wp\/v2\/product_tag?post=34102"}],"curies":[{"name":"wp","href":"https:\/\/api.w.org\/{rel}","templated":true}]}}