{"id":34108,"date":"2025-06-30T16:45:32","date_gmt":"2025-06-30T08:45:32","guid":{"rendered":"http:\/\/45.63.70.205\/?post_type=product&#038;p=34108"},"modified":"2025-06-30T16:46:33","modified_gmt":"2025-06-30T08:46:33","slug":"pixel-chomp-colorful-sticky-notes-fun-and-bright-for-school-office-and-kids","status":"publish","type":"product","link":"http:\/\/shinyyoustationery.com\/pl\/pixel-chomp-colorful-sticky-notes-fun-and-bright-for-school-office-and-kids\/","title":{"rendered":"Kolorowe karteczki samoprzylepne Pixel &amp; Chomp - zabawne i jasne do szko\u0142y, biura i dla dzieci"},"content":{"rendered":"","protected":false},"excerpt":{"rendered":"<p>To <strong data-start=\"124\" data-end=\"163\">Kolorowe karteczki samoprzylepne Pixel i Chomp<\/strong> Zestaw zawiera wiele jasnych, odwa\u017cnych kolor\u00f3w, w tym \u017c\u00f3\u0142ty, zielony, r\u00f3\u017cowy i pomara\u0144czowy. Idealne do szko\u0142y, biura lub u\u017cytku osobistego, te karteczki samoprzylepne s\u0105 idealne do zapisywania przypomnie\u0144, notatek lub pomys\u0142\u00f3w. Dzi\u0119ki zabawnemu wzornictwu Pixel i Chomp dodaj\u0105 zabawnego akcentu do ka\u017cdego miejsca pracy lub nauki. Niezb\u0119dne dla student\u00f3w, nauczycieli, profesjonalist\u00f3w i ka\u017cdego, kto uwielbia dodawa\u0107 kolory do swojej organizacji!<\/p>","protected":false},"featured_media":34110,"template":"","meta":[],"product_brand":[],"product_cat":[385,701],"product_tag":[],"class_list":{"0":"post-34108","1":"product","2":"type-product","3":"status-publish","4":"has-post-thumbnail","6":"product_cat-sticky-note","7":"product_cat-pixel-chomp-collection","9":"first","10":"instock","11":"shipping-taxable","12":"product-type-simple"},"_links":{"self":[{"href":"http:\/\/shinyyoustationery.com\/pl\/wp-json\/wp\/v2\/product\/34108","targetHints":{"allow":["GET"]}}],"collection":[{"href":"http:\/\/shinyyoustationery.com\/pl\/wp-json\/wp\/v2\/product"}],"about":[{"href":"http:\/\/shinyyoustationery.com\/pl\/wp-json\/wp\/v2\/types\/product"}],"version-history":[{"count":0,"href":"http:\/\/shinyyoustationery.com\/pl\/wp-json\/wp\/v2\/product\/34108\/revisions"}],"wp:featuredmedia":[{"embeddable":true,"href":"http:\/\/shinyyoustationery.com\/pl\/wp-json\/wp\/v2\/media\/34110"}],"wp:attachment":[{"href":"http:\/\/shinyyoustationery.com\/pl\/wp-json\/wp\/v2\/media?parent=34108"}],"wp:term":[{"taxonomy":"product_brand","embeddable":true,"href":"http:\/\/shinyyoustationery.com\/pl\/wp-json\/wp\/v2\/product_brand?post=34108"},{"taxonomy":"product_cat","embeddable":true,"href":"http:\/\/shinyyoustationery.com\/pl\/wp-json\/wp\/v2\/product_cat?post=34108"},{"taxonomy":"product_tag","embeddable":true,"href":"http:\/\/shinyyoustationery.com\/pl\/wp-json\/wp\/v2\/product_tag?post=34108"}],"curies":[{"name":"wp","href":"https:\/\/api.w.org\/{rel}","templated":true}]}}