{"id":34115,"date":"2025-06-30T17:12:08","date_gmt":"2025-06-30T09:12:08","guid":{"rendered":"http:\/\/45.63.70.205\/?post_type=product&#038;p=34115"},"modified":"2025-06-30T17:12:09","modified_gmt":"2025-06-30T09:12:09","slug":"colorful-monster-themed-notebook-labels-fun-and-vibrant-labels-for-kids-school-supplies","status":"publish","type":"product","link":"http:\/\/shinyyoustationery.com\/pl\/colorful-monster-themed-notebook-labels-fun-and-vibrant-labels-for-kids-school-supplies\/","title":{"rendered":"Kolorowe etykiety na zeszyty z motywem potwor\u00f3w - zabawne i \u017cywe etykiety na przybory szkolne dla dzieci"},"content":{"rendered":"","protected":false},"excerpt":{"rendered":"<p>Dodaj zabawny akcent do swoich przybor\u00f3w szkolnych dzi\u0119ki temu zestawowi kolorowych etykiet na zeszyty z motywem potwor\u00f3w. Zaprojektowane z my\u015bl\u0105 o dzieciach, te etykiety s\u0105 w jasnym r\u00f3\u017cowym, \u017c\u00f3\u0142tym i zielonym kolorze z uroczymi, dziwacznymi ilustracjami potwor\u00f3w. Idealne do porz\u0105dkowania zeszyt\u00f3w, teczek lub ksi\u0105\u017cek, etykiety te u\u0142atwiaj\u0105 personalizacj\u0119 materia\u0142\u00f3w szkolnych, zachowuj\u0105c ich zabawny i niepowtarzalny charakter. Idealne na powr\u00f3t do szko\u0142y lub jako kreatywny dodatek do kolekcji ka\u017cdego m\u0142odego ucznia.<\/p>","protected":false},"featured_media":34116,"template":"","meta":[],"product_brand":[],"product_cat":[439,380,701],"product_tag":[],"class_list":{"0":"post-34115","1":"product","2":"type-product","3":"status-publish","4":"has-post-thumbnail","6":"product_cat-label","7":"product_cat-school-stationery","8":"product_cat-pixel-chomp-collection","10":"first","11":"instock","12":"shipping-taxable","13":"product-type-simple"},"_links":{"self":[{"href":"http:\/\/shinyyoustationery.com\/pl\/wp-json\/wp\/v2\/product\/34115","targetHints":{"allow":["GET"]}}],"collection":[{"href":"http:\/\/shinyyoustationery.com\/pl\/wp-json\/wp\/v2\/product"}],"about":[{"href":"http:\/\/shinyyoustationery.com\/pl\/wp-json\/wp\/v2\/types\/product"}],"version-history":[{"count":0,"href":"http:\/\/shinyyoustationery.com\/pl\/wp-json\/wp\/v2\/product\/34115\/revisions"}],"wp:featuredmedia":[{"embeddable":true,"href":"http:\/\/shinyyoustationery.com\/pl\/wp-json\/wp\/v2\/media\/34116"}],"wp:attachment":[{"href":"http:\/\/shinyyoustationery.com\/pl\/wp-json\/wp\/v2\/media?parent=34115"}],"wp:term":[{"taxonomy":"product_brand","embeddable":true,"href":"http:\/\/shinyyoustationery.com\/pl\/wp-json\/wp\/v2\/product_brand?post=34115"},{"taxonomy":"product_cat","embeddable":true,"href":"http:\/\/shinyyoustationery.com\/pl\/wp-json\/wp\/v2\/product_cat?post=34115"},{"taxonomy":"product_tag","embeddable":true,"href":"http:\/\/shinyyoustationery.com\/pl\/wp-json\/wp\/v2\/product_tag?post=34115"}],"curies":[{"name":"wp","href":"https:\/\/api.w.org\/{rel}","templated":true}]}}