{"id":34119,"date":"2025-06-30T17:23:55","date_gmt":"2025-06-30T09:23:55","guid":{"rendered":"http:\/\/45.63.70.205\/?post_type=product&#038;p=34119"},"modified":"2025-06-30T17:23:55","modified_gmt":"2025-06-30T09:23:55","slug":"pixel-chomp-blue-b6-spiral-notebook-fun-and-playful-for-kids-school-and-creative-use","status":"publish","type":"product","link":"http:\/\/shinyyoustationery.com\/pl\/pixel-chomp-blue-b6-spiral-notebook-fun-and-playful-for-kids-school-and-creative-use\/","title":{"rendered":"Pixel &amp; Chomp Blue B6 Spiral Notebook - zabawny notatnik dla dzieci, szko\u0142y i kreatywnych zastosowa\u0144"},"content":{"rendered":"","protected":false},"excerpt":{"rendered":"<p>To <strong data-start=\"130\" data-end=\"168\">Pixel &amp; Chomp Blue Spiral Notebook<\/strong> jest idealny dla dzieci, student\u00f3w i os\u00f3b kreatywnych, kt\u00f3re kochaj\u0105 zabawny i \u017cywy design. Wyposa\u017cony w zabawnego pikselowego potwora w okularach przeciws\u0142onecznych, ten notatnik jest idealny do robienia notatek, szkicowania lub pisania dziennika. Mi\u0119kka ok\u0142adka i spiralna oprawa u\u0142atwiaj\u0105 korzystanie z niego w szkole, w domu lub w podr\u00f3\u017cy. \u015awietny dodatek do ka\u017cdego <strong data-start=\"486\" data-end=\"503\">Pixel &amp; Chomp<\/strong> kolekcja!<\/p>","protected":false},"featured_media":34120,"template":"","meta":[],"product_brand":[],"product_cat":[493,387,701],"product_tag":[],"class_list":{"0":"post-34119","1":"product","2":"type-product","3":"status-publish","4":"has-post-thumbnail","6":"product_cat-spiral-notebook","7":"product_cat-notebooks-journals","8":"product_cat-pixel-chomp-collection","10":"first","11":"instock","12":"shipping-taxable","13":"product-type-simple"},"_links":{"self":[{"href":"http:\/\/shinyyoustationery.com\/pl\/wp-json\/wp\/v2\/product\/34119","targetHints":{"allow":["GET"]}}],"collection":[{"href":"http:\/\/shinyyoustationery.com\/pl\/wp-json\/wp\/v2\/product"}],"about":[{"href":"http:\/\/shinyyoustationery.com\/pl\/wp-json\/wp\/v2\/types\/product"}],"version-history":[{"count":0,"href":"http:\/\/shinyyoustationery.com\/pl\/wp-json\/wp\/v2\/product\/34119\/revisions"}],"wp:featuredmedia":[{"embeddable":true,"href":"http:\/\/shinyyoustationery.com\/pl\/wp-json\/wp\/v2\/media\/34120"}],"wp:attachment":[{"href":"http:\/\/shinyyoustationery.com\/pl\/wp-json\/wp\/v2\/media?parent=34119"}],"wp:term":[{"taxonomy":"product_brand","embeddable":true,"href":"http:\/\/shinyyoustationery.com\/pl\/wp-json\/wp\/v2\/product_brand?post=34119"},{"taxonomy":"product_cat","embeddable":true,"href":"http:\/\/shinyyoustationery.com\/pl\/wp-json\/wp\/v2\/product_cat?post=34119"},{"taxonomy":"product_tag","embeddable":true,"href":"http:\/\/shinyyoustationery.com\/pl\/wp-json\/wp\/v2\/product_tag?post=34119"}],"curies":[{"name":"wp","href":"https:\/\/api.w.org\/{rel}","templated":true}]}}