{"id":34135,"date":"2025-06-30T18:38:42","date_gmt":"2025-06-30T10:38:42","guid":{"rendered":"http:\/\/45.63.70.205\/?post_type=product&#038;p=34135"},"modified":"2025-06-30T18:40:49","modified_gmt":"2025-06-30T10:40:49","slug":"green-plush-a5-hardcover-notebook-cute-and-soft-journal-for-kids","status":"publish","type":"product","link":"http:\/\/shinyyoustationery.com\/pl\/green-plush-a5-hardcover-notebook-cute-and-soft-journal-for-kids\/","title":{"rendered":"Zielony pluszowy notatnik A5 w twardej oprawie - uroczy i mi\u0119kki dziennik dla dzieci"},"content":{"rendered":"","protected":false},"excerpt":{"rendered":"<p>Ten uroczy pluszowy notatnik A5 w twardej oprawie ma zabawny, inspirowany potworami design z jasnymi zielonymi i niebieskimi akcentami, co czyni go idealnym wyborem dla dzieci, student\u00f3w lub ka\u017cdego, kto kocha zabawne artyku\u0142y papiernicze. Mi\u0119kki w dotyku i lekki, jest idealny do rysowania, pisania lub prowadzenia dziennika w dobrym stylu!<\/p>","protected":false},"featured_media":34137,"template":"","meta":[],"product_brand":[],"product_cat":[387,667,676,701],"product_tag":[],"class_list":{"0":"post-34135","1":"product","2":"type-product","3":"status-publish","4":"has-post-thumbnail","6":"product_cat-notebooks-journals","7":"product_cat-hardcover-notebook","8":"product_cat-plush-notebook","9":"product_cat-pixel-chomp-collection","11":"first","12":"instock","13":"shipping-taxable","14":"product-type-simple"},"_links":{"self":[{"href":"http:\/\/shinyyoustationery.com\/pl\/wp-json\/wp\/v2\/product\/34135","targetHints":{"allow":["GET"]}}],"collection":[{"href":"http:\/\/shinyyoustationery.com\/pl\/wp-json\/wp\/v2\/product"}],"about":[{"href":"http:\/\/shinyyoustationery.com\/pl\/wp-json\/wp\/v2\/types\/product"}],"version-history":[{"count":0,"href":"http:\/\/shinyyoustationery.com\/pl\/wp-json\/wp\/v2\/product\/34135\/revisions"}],"wp:featuredmedia":[{"embeddable":true,"href":"http:\/\/shinyyoustationery.com\/pl\/wp-json\/wp\/v2\/media\/34137"}],"wp:attachment":[{"href":"http:\/\/shinyyoustationery.com\/pl\/wp-json\/wp\/v2\/media?parent=34135"}],"wp:term":[{"taxonomy":"product_brand","embeddable":true,"href":"http:\/\/shinyyoustationery.com\/pl\/wp-json\/wp\/v2\/product_brand?post=34135"},{"taxonomy":"product_cat","embeddable":true,"href":"http:\/\/shinyyoustationery.com\/pl\/wp-json\/wp\/v2\/product_cat?post=34135"},{"taxonomy":"product_tag","embeddable":true,"href":"http:\/\/shinyyoustationery.com\/pl\/wp-json\/wp\/v2\/product_tag?post=34135"}],"curies":[{"name":"wp","href":"https:\/\/api.w.org\/{rel}","templated":true}]}}