{"id":34139,"date":"2025-06-30T18:51:59","date_gmt":"2025-06-30T10:51:59","guid":{"rendered":"http:\/\/45.63.70.205\/?post_type=product&#038;p=34139"},"modified":"2025-06-30T18:51:59","modified_gmt":"2025-06-30T10:51:59","slug":"pixel-chomp-correction-tape-set-fun-and-bright-design-for-school-office","status":"publish","type":"product","link":"http:\/\/shinyyoustationery.com\/pl\/pixel-chomp-correction-tape-set-fun-and-bright-design-for-school-office\/","title":{"rendered":"Zestaw ta\u015bm korekcyjnych Pixel &amp; Chomp - zabawny i jasny design do szko\u0142y i biura"},"content":{"rendered":"","protected":false},"excerpt":{"rendered":"<p>Ten kolorowy zestaw ta\u015bm korekcyjnych Pixel i Chomp zawiera dwa \u0142atwe w u\u017cyciu aplikatory z \u017cywymi zielonymi akcentami, dzi\u0119ki czemu jest idealny dla student\u00f3w, pracownik\u00f3w biurowych lub ka\u017cdego, kto potrzebuje zabawnego i skutecznego sposobu na poprawienie b\u0142\u0119d\u00f3w. Kompaktowy i niezawodny, jest idealny do szybkich poprawek na papierze, zapewniaj\u0105c g\u0142adkie i czyste poprawki za ka\u017cdym razem.<\/p>","protected":false},"featured_media":34141,"template":"","meta":[],"product_brand":[],"product_cat":[394,701],"product_tag":[],"class_list":{"0":"post-34139","1":"product","2":"type-product","3":"status-publish","4":"has-post-thumbnail","6":"product_cat-correction-supplies","7":"product_cat-pixel-chomp-collection","9":"first","10":"instock","11":"shipping-taxable","12":"product-type-simple"},"_links":{"self":[{"href":"http:\/\/shinyyoustationery.com\/pl\/wp-json\/wp\/v2\/product\/34139","targetHints":{"allow":["GET"]}}],"collection":[{"href":"http:\/\/shinyyoustationery.com\/pl\/wp-json\/wp\/v2\/product"}],"about":[{"href":"http:\/\/shinyyoustationery.com\/pl\/wp-json\/wp\/v2\/types\/product"}],"version-history":[{"count":0,"href":"http:\/\/shinyyoustationery.com\/pl\/wp-json\/wp\/v2\/product\/34139\/revisions"}],"wp:featuredmedia":[{"embeddable":true,"href":"http:\/\/shinyyoustationery.com\/pl\/wp-json\/wp\/v2\/media\/34141"}],"wp:attachment":[{"href":"http:\/\/shinyyoustationery.com\/pl\/wp-json\/wp\/v2\/media?parent=34139"}],"wp:term":[{"taxonomy":"product_brand","embeddable":true,"href":"http:\/\/shinyyoustationery.com\/pl\/wp-json\/wp\/v2\/product_brand?post=34139"},{"taxonomy":"product_cat","embeddable":true,"href":"http:\/\/shinyyoustationery.com\/pl\/wp-json\/wp\/v2\/product_cat?post=34139"},{"taxonomy":"product_tag","embeddable":true,"href":"http:\/\/shinyyoustationery.com\/pl\/wp-json\/wp\/v2\/product_tag?post=34139"}],"curies":[{"name":"wp","href":"https:\/\/api.w.org\/{rel}","templated":true}]}}