{"id":34144,"date":"2025-06-30T18:58:43","date_gmt":"2025-06-30T10:58:43","guid":{"rendered":"http:\/\/45.63.70.205\/?post_type=product&#038;p=34144"},"modified":"2025-06-30T19:00:22","modified_gmt":"2025-06-30T11:00:22","slug":"pixel-chomp-long-cute-erasers-fun-and-colorful-design-for-school-kids","status":"publish","type":"product","link":"http:\/\/shinyyoustationery.com\/pl\/pixel-chomp-long-cute-erasers-fun-and-colorful-design-for-school-kids\/","title":{"rendered":"Gumki Pixel &amp; Chomp Long Cute - zabawny i kolorowy design dla szko\u0142y i dzieci"},"content":{"rendered":"","protected":false},"excerpt":{"rendered":"<p>Te \u017cywe, d\u0142ugie gumki w jaskrawych kolorach zielonym, niebieskim i \u017c\u00f3\u0142tym s\u0105 idealne dla dzieci, student\u00f3w i kreatywnych umys\u0142\u00f3w. Ich zabawny, skr\u0119cony design dodaje zabawnego akcentu do codziennych zada\u0144, dzi\u0119ki czemu idealnie nadaj\u0105 si\u0119 do pracy w szkole, rysowania lub poprawiania b\u0142\u0119d\u00f3w w dobrym stylu!<\/p>","protected":false},"featured_media":34147,"template":"","meta":[],"product_brand":[],"product_cat":[701,419],"product_tag":[],"class_list":{"0":"post-34144","1":"product","2":"type-product","3":"status-publish","4":"has-post-thumbnail","6":"product_cat-pixel-chomp-collection","7":"product_cat-eraser","9":"first","10":"instock","11":"shipping-taxable","12":"product-type-simple"},"_links":{"self":[{"href":"http:\/\/shinyyoustationery.com\/pl\/wp-json\/wp\/v2\/product\/34144","targetHints":{"allow":["GET"]}}],"collection":[{"href":"http:\/\/shinyyoustationery.com\/pl\/wp-json\/wp\/v2\/product"}],"about":[{"href":"http:\/\/shinyyoustationery.com\/pl\/wp-json\/wp\/v2\/types\/product"}],"version-history":[{"count":0,"href":"http:\/\/shinyyoustationery.com\/pl\/wp-json\/wp\/v2\/product\/34144\/revisions"}],"wp:featuredmedia":[{"embeddable":true,"href":"http:\/\/shinyyoustationery.com\/pl\/wp-json\/wp\/v2\/media\/34147"}],"wp:attachment":[{"href":"http:\/\/shinyyoustationery.com\/pl\/wp-json\/wp\/v2\/media?parent=34144"}],"wp:term":[{"taxonomy":"product_brand","embeddable":true,"href":"http:\/\/shinyyoustationery.com\/pl\/wp-json\/wp\/v2\/product_brand?post=34144"},{"taxonomy":"product_cat","embeddable":true,"href":"http:\/\/shinyyoustationery.com\/pl\/wp-json\/wp\/v2\/product_cat?post=34144"},{"taxonomy":"product_tag","embeddable":true,"href":"http:\/\/shinyyoustationery.com\/pl\/wp-json\/wp\/v2\/product_tag?post=34144"}],"curies":[{"name":"wp","href":"https:\/\/api.w.org\/{rel}","templated":true}]}}