{"id":34150,"date":"2025-06-30T19:19:21","date_gmt":"2025-06-30T11:19:21","guid":{"rendered":"http:\/\/45.63.70.205\/?post_type=product&#038;p=34150"},"modified":"2025-07-02T19:39:05","modified_gmt":"2025-07-02T11:39:05","slug":"pixel-chomp-purple-alien-novelty-pen-fun-and-whimsical-writing-tool-for-kids","status":"publish","type":"product","link":"http:\/\/shinyyoustationery.com\/pl\/pixel-chomp-purple-alien-novelty-pen-fun-and-whimsical-writing-tool-for-kids\/","title":{"rendered":"Pixel i Chomp Fioletowe pi\u00f3ro Alien Novelty Pen - zabawne i kapry\u015bne narz\u0119dzie do pisania dla dzieci"},"content":{"rendered":"","protected":false},"excerpt":{"rendered":"<p>Fioletowy d\u0142ugopis z kosmit\u0105 Pixel i Chomp wprowadzi odrobin\u0119 zabawy do pisania. Idealny do szko\u0142y, rysowania lub codziennego pisania, ten d\u0142ugopis ma urocz\u0105 posta\u0107 kosmity, kt\u00f3ra dodaje osobowo\u015bci Twoim papeteriom. Idealny dla dzieci i ka\u017cdego, kto kocha dziwaczne i zabawne wzory!<\/p>","protected":false},"featured_media":34152,"template":"","meta":[],"product_brand":[],"product_cat":[658,415,394,410],"product_tag":[],"class_list":{"0":"post-34150","1":"product","2":"type-product","3":"status-publish","4":"has-post-thumbnail","6":"product_cat-novelty-pen","7":"product_cat-pen","8":"product_cat-correction-supplies","9":"product_cat-writing-instruments","11":"first","12":"instock","13":"shipping-taxable","14":"product-type-simple"},"_links":{"self":[{"href":"http:\/\/shinyyoustationery.com\/pl\/wp-json\/wp\/v2\/product\/34150","targetHints":{"allow":["GET"]}}],"collection":[{"href":"http:\/\/shinyyoustationery.com\/pl\/wp-json\/wp\/v2\/product"}],"about":[{"href":"http:\/\/shinyyoustationery.com\/pl\/wp-json\/wp\/v2\/types\/product"}],"version-history":[{"count":0,"href":"http:\/\/shinyyoustationery.com\/pl\/wp-json\/wp\/v2\/product\/34150\/revisions"}],"wp:featuredmedia":[{"embeddable":true,"href":"http:\/\/shinyyoustationery.com\/pl\/wp-json\/wp\/v2\/media\/34152"}],"wp:attachment":[{"href":"http:\/\/shinyyoustationery.com\/pl\/wp-json\/wp\/v2\/media?parent=34150"}],"wp:term":[{"taxonomy":"product_brand","embeddable":true,"href":"http:\/\/shinyyoustationery.com\/pl\/wp-json\/wp\/v2\/product_brand?post=34150"},{"taxonomy":"product_cat","embeddable":true,"href":"http:\/\/shinyyoustationery.com\/pl\/wp-json\/wp\/v2\/product_cat?post=34150"},{"taxonomy":"product_tag","embeddable":true,"href":"http:\/\/shinyyoustationery.com\/pl\/wp-json\/wp\/v2\/product_tag?post=34150"}],"curies":[{"name":"wp","href":"https:\/\/api.w.org\/{rel}","templated":true}]}}