{"id":34169,"date":"2025-06-30T19:58:25","date_gmt":"2025-06-30T11:58:25","guid":{"rendered":"http:\/\/45.63.70.205\/?post_type=product&#038;p=34169"},"modified":"2025-07-07T15:17:44","modified_gmt":"2025-07-07T07:17:44","slug":"colorful-mesh-pencil-cases-perfect-for-school-office","status":"publish","type":"product","link":"http:\/\/shinyyoustationery.com\/pl\/colorful-mesh-pencil-cases-perfect-for-school-office\/","title":{"rendered":"Kolorowe pi\u00f3rniki siatkowe - idealne do szko\u0142y i biura"},"content":{"rendered":"","protected":false},"excerpt":{"rendered":"<p>Stylowe pi\u00f3rniki z siatki z kolekcji Arts &amp; Crafts pozwalaj\u0105 uporz\u0105dkowa\u0107 niezb\u0119dne przybory. Dost\u0119pne w jasnych kolorach, takich jak zielony, r\u00f3\u017cowy i fioletowy, te wytrzyma\u0142e etui s\u0105 idealne dla student\u00f3w, pracownik\u00f3w biurowych lub podr\u00f3\u017cnik\u00f3w. Przezroczysta konstrukcja pozwala szybko dostrzec swoje przedmioty, a bezpieczny zamek b\u0142yskawiczny zapewnia, \u017ce wszystko pozostanie na swoim miejscu. Idealne na d\u0142ugopisy, o\u0142\u00f3wki, przybory do makija\u017cu lub drobne akcesoria!<\/p>","protected":false},"featured_media":34171,"template":"","meta":[],"product_brand":[],"product_cat":[520,477,702],"product_tag":[],"class_list":{"0":"post-34169","1":"product","2":"type-product","3":"status-publish","4":"has-post-thumbnail","6":"product_cat-pencil-case-pouch","7":"product_cat-school-bags","8":"product_cat-arts-crafts-collection","10":"first","11":"instock","12":"shipping-taxable","13":"product-type-simple"},"_links":{"self":[{"href":"http:\/\/shinyyoustationery.com\/pl\/wp-json\/wp\/v2\/product\/34169","targetHints":{"allow":["GET"]}}],"collection":[{"href":"http:\/\/shinyyoustationery.com\/pl\/wp-json\/wp\/v2\/product"}],"about":[{"href":"http:\/\/shinyyoustationery.com\/pl\/wp-json\/wp\/v2\/types\/product"}],"version-history":[{"count":0,"href":"http:\/\/shinyyoustationery.com\/pl\/wp-json\/wp\/v2\/product\/34169\/revisions"}],"wp:featuredmedia":[{"embeddable":true,"href":"http:\/\/shinyyoustationery.com\/pl\/wp-json\/wp\/v2\/media\/34171"}],"wp:attachment":[{"href":"http:\/\/shinyyoustationery.com\/pl\/wp-json\/wp\/v2\/media?parent=34169"}],"wp:term":[{"taxonomy":"product_brand","embeddable":true,"href":"http:\/\/shinyyoustationery.com\/pl\/wp-json\/wp\/v2\/product_brand?post=34169"},{"taxonomy":"product_cat","embeddable":true,"href":"http:\/\/shinyyoustationery.com\/pl\/wp-json\/wp\/v2\/product_cat?post=34169"},{"taxonomy":"product_tag","embeddable":true,"href":"http:\/\/shinyyoustationery.com\/pl\/wp-json\/wp\/v2\/product_tag?post=34169"}],"curies":[{"name":"wp","href":"https:\/\/api.w.org\/{rel}","templated":true}]}}