{"id":34173,"date":"2025-06-30T20:06:55","date_gmt":"2025-06-30T12:06:55","guid":{"rendered":"http:\/\/45.63.70.205\/?post_type=product&#038;p=34173"},"modified":"2025-07-08T14:54:25","modified_gmt":"2025-07-08T06:54:25","slug":"vibrant-assorted-paint-brushes-perfect-for-artists-kids-and-craft-enthusiasts","status":"publish","type":"product","link":"http:\/\/shinyyoustationery.com\/pl\/vibrant-assorted-paint-brushes-perfect-for-artists-kids-and-craft-enthusiasts\/","title":{"rendered":"R\u00f3\u017cnorodne p\u0119dzle o \u017cywych kolorach - idealne dla artyst\u00f3w, dzieci i entuzjast\u00f3w r\u0119kodzie\u0142a"},"content":{"rendered":"","protected":false},"excerpt":{"rendered":"<p>Uwolnij swoj\u0105 kreatywno\u015b\u0107 dzi\u0119ki zestawowi 15 r\u00f3\u017cnych p\u0119dzli do malowania z naszej kolekcji Arts &amp; Crafts! Dzi\u0119ki jasnym, kolorowym uchwytom w kolorze czerwonym, niebieskim, \u017c\u00f3\u0142tym, zielonym i nie tylko, p\u0119dzle te s\u0105 idealne dla artyst\u00f3w w ka\u017cdym wieku. Niezale\u017cnie od tego, czy malujesz w domu, w szkole, czy podczas sesji rzemie\u015blniczej, ten wszechstronny zestaw jest idealny do r\u00f3\u017cnych projekt\u00f3w. \u015awietny zar\u00f3wno dla pocz\u0105tkuj\u0105cych, student\u00f3w, jak i do\u015bwiadczonych artyst\u00f3w!<\/p>","protected":false},"featured_media":34174,"template":"","meta":[],"product_brand":[],"product_cat":[615,702,474],"product_tag":[],"class_list":{"0":"post-34173","1":"product","2":"type-product","3":"status-publish","4":"has-post-thumbnail","6":"product_cat-paint-brush","7":"product_cat-arts-crafts-collection","8":"product_cat-kids-stationery","10":"first","11":"instock","12":"shipping-taxable","13":"product-type-simple"},"_links":{"self":[{"href":"http:\/\/shinyyoustationery.com\/pl\/wp-json\/wp\/v2\/product\/34173","targetHints":{"allow":["GET"]}}],"collection":[{"href":"http:\/\/shinyyoustationery.com\/pl\/wp-json\/wp\/v2\/product"}],"about":[{"href":"http:\/\/shinyyoustationery.com\/pl\/wp-json\/wp\/v2\/types\/product"}],"version-history":[{"count":0,"href":"http:\/\/shinyyoustationery.com\/pl\/wp-json\/wp\/v2\/product\/34173\/revisions"}],"wp:featuredmedia":[{"embeddable":true,"href":"http:\/\/shinyyoustationery.com\/pl\/wp-json\/wp\/v2\/media\/34174"}],"wp:attachment":[{"href":"http:\/\/shinyyoustationery.com\/pl\/wp-json\/wp\/v2\/media?parent=34173"}],"wp:term":[{"taxonomy":"product_brand","embeddable":true,"href":"http:\/\/shinyyoustationery.com\/pl\/wp-json\/wp\/v2\/product_brand?post=34173"},{"taxonomy":"product_cat","embeddable":true,"href":"http:\/\/shinyyoustationery.com\/pl\/wp-json\/wp\/v2\/product_cat?post=34173"},{"taxonomy":"product_tag","embeddable":true,"href":"http:\/\/shinyyoustationery.com\/pl\/wp-json\/wp\/v2\/product_tag?post=34173"}],"curies":[{"name":"wp","href":"https:\/\/api.w.org\/{rel}","templated":true}]}}