{"id":34176,"date":"2025-06-30T20:19:01","date_gmt":"2025-06-30T12:19:01","guid":{"rendered":"http:\/\/45.63.70.205\/?post_type=product&#038;p=34176"},"modified":"2025-07-08T14:54:55","modified_gmt":"2025-07-08T06:54:55","slug":"colorful-roller-stamper-pens-fun-crafting-tools-for-kids-students","status":"publish","type":"product","link":"http:\/\/shinyyoustationery.com\/pl\/colorful-roller-stamper-pens-fun-crafting-tools-for-kids-students\/","title":{"rendered":"Kolorowe d\u0142ugopisy na rolce - zabawne narz\u0119dzia do tworzenia dla dzieci i student\u00f3w"},"content":{"rendered":"","protected":false},"excerpt":{"rendered":"<p>Dodaj zabawne wzory do swoich prac dzi\u0119ki tym 6 kolorowym pisakom z kolekcji Arts &amp; Crafts. Dzi\u0119ki t\u0119czy kolor\u00f3w tuszu, w tym czerwonego, pomara\u0144czowego, \u017c\u00f3\u0142tego, zielonego, niebieskiego i fioletowego, d\u0142ugopisy te s\u0105 idealne zar\u00f3wno dla dzieci, jak i uczni\u00f3w. Idealny do scrapbookingu, kartek lub innych kreatywnych projekt\u00f3w, ka\u017cdy roller stamper z \u0142atwo\u015bci\u0105 pozostawia unikalny wz\u00f3r. Idealne do dodawania artystycznego akcentu do r\u0119kodzie\u0142a i zaj\u0119\u0107 szkolnych!<\/p>","protected":false},"featured_media":34177,"template":"","meta":[],"product_brand":[],"product_cat":[474,702],"product_tag":[],"class_list":{"0":"post-34176","1":"product","2":"type-product","3":"status-publish","4":"has-post-thumbnail","6":"product_cat-kids-stationery","7":"product_cat-arts-crafts-collection","9":"first","10":"instock","11":"shipping-taxable","12":"product-type-simple"},"_links":{"self":[{"href":"http:\/\/shinyyoustationery.com\/pl\/wp-json\/wp\/v2\/product\/34176","targetHints":{"allow":["GET"]}}],"collection":[{"href":"http:\/\/shinyyoustationery.com\/pl\/wp-json\/wp\/v2\/product"}],"about":[{"href":"http:\/\/shinyyoustationery.com\/pl\/wp-json\/wp\/v2\/types\/product"}],"version-history":[{"count":0,"href":"http:\/\/shinyyoustationery.com\/pl\/wp-json\/wp\/v2\/product\/34176\/revisions"}],"wp:featuredmedia":[{"embeddable":true,"href":"http:\/\/shinyyoustationery.com\/pl\/wp-json\/wp\/v2\/media\/34177"}],"wp:attachment":[{"href":"http:\/\/shinyyoustationery.com\/pl\/wp-json\/wp\/v2\/media?parent=34176"}],"wp:term":[{"taxonomy":"product_brand","embeddable":true,"href":"http:\/\/shinyyoustationery.com\/pl\/wp-json\/wp\/v2\/product_brand?post=34176"},{"taxonomy":"product_cat","embeddable":true,"href":"http:\/\/shinyyoustationery.com\/pl\/wp-json\/wp\/v2\/product_cat?post=34176"},{"taxonomy":"product_tag","embeddable":true,"href":"http:\/\/shinyyoustationery.com\/pl\/wp-json\/wp\/v2\/product_tag?post=34176"}],"curies":[{"name":"wp","href":"https:\/\/api.w.org\/{rel}","templated":true}]}}