{"id":34180,"date":"2025-06-30T20:25:06","date_gmt":"2025-06-30T12:25:06","guid":{"rendered":"http:\/\/45.63.70.205\/?post_type=product&#038;p=34180"},"modified":"2025-07-08T14:55:24","modified_gmt":"2025-07-08T06:55:24","slug":"vibrant-double-ended-coloring-pencils-perfect-for-kids-and-students","status":"publish","type":"product","link":"http:\/\/shinyyoustationery.com\/pl\/vibrant-double-ended-coloring-pencils-perfect-for-kids-and-students\/","title":{"rendered":"O\u0142\u00f3wki do kolorowania z podw\u00f3jn\u0105 ko\u0144c\u00f3wk\u0105 - idealne dla dzieci i student\u00f3w"},"content":{"rendered":"","protected":false},"excerpt":{"rendered":"<p>Dodaj zabawne wzory do swoich prac dzi\u0119ki tym 6 kolorowym pisakom z kolekcji Arts &amp; Crafts. Dzi\u0119ki t\u0119czy kolor\u00f3w tuszu, w tym czerwonego, pomara\u0144czowego, \u017c\u00f3\u0142tego, zielonego, niebieskiego i fioletowego, d\u0142ugopisy te s\u0105 idealne zar\u00f3wno dla dzieci, jak i uczni\u00f3w. Idealny do scrapbookingu, kartek lub innych kreatywnych projekt\u00f3w, ka\u017cdy roller stamper z \u0142atwo\u015bci\u0105 pozostawia unikalny wz\u00f3r. Idealne do dodawania artystycznego akcentu do r\u0119kodzie\u0142a i zaj\u0119\u0107 szkolnych!<\/p>","protected":false},"featured_media":34181,"template":"","meta":[],"product_brand":[],"product_cat":[415,416,474,702],"product_tag":[],"class_list":{"0":"post-34180","1":"product","2":"type-product","3":"status-publish","4":"has-post-thumbnail","6":"product_cat-pen","7":"product_cat-pencil","8":"product_cat-kids-stationery","9":"product_cat-arts-crafts-collection","11":"first","12":"instock","13":"shipping-taxable","14":"product-type-simple"},"_links":{"self":[{"href":"http:\/\/shinyyoustationery.com\/pl\/wp-json\/wp\/v2\/product\/34180","targetHints":{"allow":["GET"]}}],"collection":[{"href":"http:\/\/shinyyoustationery.com\/pl\/wp-json\/wp\/v2\/product"}],"about":[{"href":"http:\/\/shinyyoustationery.com\/pl\/wp-json\/wp\/v2\/types\/product"}],"version-history":[{"count":0,"href":"http:\/\/shinyyoustationery.com\/pl\/wp-json\/wp\/v2\/product\/34180\/revisions"}],"wp:featuredmedia":[{"embeddable":true,"href":"http:\/\/shinyyoustationery.com\/pl\/wp-json\/wp\/v2\/media\/34181"}],"wp:attachment":[{"href":"http:\/\/shinyyoustationery.com\/pl\/wp-json\/wp\/v2\/media?parent=34180"}],"wp:term":[{"taxonomy":"product_brand","embeddable":true,"href":"http:\/\/shinyyoustationery.com\/pl\/wp-json\/wp\/v2\/product_brand?post=34180"},{"taxonomy":"product_cat","embeddable":true,"href":"http:\/\/shinyyoustationery.com\/pl\/wp-json\/wp\/v2\/product_cat?post=34180"},{"taxonomy":"product_tag","embeddable":true,"href":"http:\/\/shinyyoustationery.com\/pl\/wp-json\/wp\/v2\/product_tag?post=34180"}],"curies":[{"name":"wp","href":"https:\/\/api.w.org\/{rel}","templated":true}]}}