{"id":34205,"date":"2025-07-01T13:44:23","date_gmt":"2025-07-01T05:44:23","guid":{"rendered":"http:\/\/45.63.70.205\/?post_type=product&#038;p=34205"},"modified":"2025-07-08T20:43:03","modified_gmt":"2025-07-08T12:43:03","slug":"geometric-a5-spiral-notebook-with-triangular-design-trendy-stylish-for-school-office","status":"publish","type":"product","link":"http:\/\/shinyyoustationery.com\/pl\/geometric-a5-spiral-notebook-with-triangular-design-trendy-stylish-for-school-office\/","title":{"rendered":"Geometryczny notatnik A5 na spirali z tr\u00f3jk\u0105tnym wzorem - modny i stylowy do szko\u0142y i biura"},"content":{"rendered":"","protected":false},"excerpt":{"rendered":"<p>Ten przyci\u0105gaj\u0105cy wzrok notatnik A5 na spirali ma mieni\u0105c\u0105 si\u0119 czerwon\u0105, brokatow\u0105, mi\u0119kk\u0105 ok\u0142adk\u0119, idealn\u0105 dla student\u00f3w, profesjonalist\u00f3w lub ka\u017cdego, kto chce doda\u0107 blasku swoim notatkom. Unikalny wz\u00f3r \"OXO\" dodaje mu zabawnego charakteru, czyni\u0105c go doskona\u0142ym wyborem do kreatywnego pisania, prowadzenia dziennika lub codziennego planowania. Kompaktowy i wytrzyma\u0142y, idealny do noszenia w plecaku, torebce lub torbie do pracy.<\/p>","protected":false},"featured_media":34207,"template":"","meta":[],"product_brand":[],"product_cat":[493,387],"product_tag":[],"class_list":{"0":"post-34205","1":"product","2":"type-product","3":"status-publish","4":"has-post-thumbnail","6":"product_cat-spiral-notebook","7":"product_cat-notebooks-journals","9":"first","10":"instock","11":"shipping-taxable","12":"product-type-simple"},"_links":{"self":[{"href":"http:\/\/shinyyoustationery.com\/pl\/wp-json\/wp\/v2\/product\/34205","targetHints":{"allow":["GET"]}}],"collection":[{"href":"http:\/\/shinyyoustationery.com\/pl\/wp-json\/wp\/v2\/product"}],"about":[{"href":"http:\/\/shinyyoustationery.com\/pl\/wp-json\/wp\/v2\/types\/product"}],"version-history":[{"count":0,"href":"http:\/\/shinyyoustationery.com\/pl\/wp-json\/wp\/v2\/product\/34205\/revisions"}],"wp:featuredmedia":[{"embeddable":true,"href":"http:\/\/shinyyoustationery.com\/pl\/wp-json\/wp\/v2\/media\/34207"}],"wp:attachment":[{"href":"http:\/\/shinyyoustationery.com\/pl\/wp-json\/wp\/v2\/media?parent=34205"}],"wp:term":[{"taxonomy":"product_brand","embeddable":true,"href":"http:\/\/shinyyoustationery.com\/pl\/wp-json\/wp\/v2\/product_brand?post=34205"},{"taxonomy":"product_cat","embeddable":true,"href":"http:\/\/shinyyoustationery.com\/pl\/wp-json\/wp\/v2\/product_cat?post=34205"},{"taxonomy":"product_tag","embeddable":true,"href":"http:\/\/shinyyoustationery.com\/pl\/wp-json\/wp\/v2\/product_tag?post=34205"}],"curies":[{"name":"wp","href":"https:\/\/api.w.org\/{rel}","templated":true}]}}