{"id":34210,"date":"2025-07-01T13:50:33","date_gmt":"2025-07-01T05:50:33","guid":{"rendered":"http:\/\/45.63.70.205\/?post_type=product&#038;p=34210"},"modified":"2025-07-08T20:42:53","modified_gmt":"2025-07-08T12:42:53","slug":"elegant-rose-gold-glitter-a5-spiral-notebook-perfect-for-school-office","status":"publish","type":"product","link":"http:\/\/shinyyoustationery.com\/pl\/elegant-rose-gold-glitter-a5-spiral-notebook-perfect-for-school-office\/","title":{"rendered":"Elegancki notatnik A5 z brokatem w kolorze r\u00f3\u017cowego z\u0142ota - idealny do szko\u0142y i biuraArts &amp; Crafts Collection"},"content":{"rendered":"","protected":false},"excerpt":{"rendered":"<p>Ten wyrafinowany notatnik A5 na spirali \u0142\u0105czy styl z funkcjonalno\u015bci\u0105, z b\u0142yszcz\u0105cym akcentem w kolorze r\u00f3\u017cowego z\u0142ota na ok\u0142adce. Dzi\u0119ki eleganckiemu napisowi \"NOTES\" jest on idealny dla student\u00f3w, profesjonalist\u00f3w i ka\u017cdego, kto kocha eleganckie artyku\u0142y papiernicze. Idealny do robienia notatek, prowadzenia dziennika lub planowania, ten notatnik doda odrobin\u0119 blasku do codziennej rutyny. Wytrzyma\u0142y i elegancki, jest idealnym dodatkiem do pracy, szko\u0142y lub domu.<\/p>","protected":false},"featured_media":34212,"template":"","meta":[],"product_brand":[],"product_cat":[493,387],"product_tag":[],"class_list":{"0":"post-34210","1":"product","2":"type-product","3":"status-publish","4":"has-post-thumbnail","6":"product_cat-spiral-notebook","7":"product_cat-notebooks-journals","9":"first","10":"instock","11":"shipping-taxable","12":"product-type-simple"},"_links":{"self":[{"href":"http:\/\/shinyyoustationery.com\/pl\/wp-json\/wp\/v2\/product\/34210","targetHints":{"allow":["GET"]}}],"collection":[{"href":"http:\/\/shinyyoustationery.com\/pl\/wp-json\/wp\/v2\/product"}],"about":[{"href":"http:\/\/shinyyoustationery.com\/pl\/wp-json\/wp\/v2\/types\/product"}],"version-history":[{"count":0,"href":"http:\/\/shinyyoustationery.com\/pl\/wp-json\/wp\/v2\/product\/34210\/revisions"}],"wp:featuredmedia":[{"embeddable":true,"href":"http:\/\/shinyyoustationery.com\/pl\/wp-json\/wp\/v2\/media\/34212"}],"wp:attachment":[{"href":"http:\/\/shinyyoustationery.com\/pl\/wp-json\/wp\/v2\/media?parent=34210"}],"wp:term":[{"taxonomy":"product_brand","embeddable":true,"href":"http:\/\/shinyyoustationery.com\/pl\/wp-json\/wp\/v2\/product_brand?post=34210"},{"taxonomy":"product_cat","embeddable":true,"href":"http:\/\/shinyyoustationery.com\/pl\/wp-json\/wp\/v2\/product_cat?post=34210"},{"taxonomy":"product_tag","embeddable":true,"href":"http:\/\/shinyyoustationery.com\/pl\/wp-json\/wp\/v2\/product_tag?post=34210"}],"curies":[{"name":"wp","href":"https:\/\/api.w.org\/{rel}","templated":true}]}}