{"id":34214,"date":"2025-07-01T14:03:34","date_gmt":"2025-07-01T06:03:34","guid":{"rendered":"http:\/\/45.63.70.205\/?post_type=product&#038;p=34214"},"modified":"2025-07-01T14:03:34","modified_gmt":"2025-07-01T06:03:34","slug":"12-color-slim-whiteboard-marker-set-perfect-for-classrooms-offices","status":"publish","type":"product","link":"http:\/\/shinyyoustationery.com\/pl\/12-color-slim-whiteboard-marker-set-perfect-for-classrooms-offices\/","title":{"rendered":"12-kolorowy zestaw cienkich marker\u00f3w do bia\u0142ych tablic - idealny do sal lekcyjnych i biur"},"content":{"rendered":"","protected":false},"excerpt":{"rendered":"<p>Zestaw 12 cienkich marker\u00f3w do tablic w r\u00f3\u017cnych kolorach, w tym zielonym, fioletowym, niebieskim, r\u00f3\u017cowym i \u017c\u00f3\u0142tym. Zaprojektowane z my\u015bl\u0105 o \u0142atwym pisaniu i wymazywaniu, s\u0105 idealne do u\u017cytku w klasach, biurach lub domowych przestrzeniach do nauki. Idealne do prezentacji, rysowania i robienia notatek, markery te zapewniaj\u0105 g\u0142adkie, sp\u00f3jne linie dla wyra\u017anej komunikacji i kreatywno\u015bci. Smuk\u0142a konstrukcja u\u0142atwia przenoszenie i przechowywanie.<\/p>","protected":false},"featured_media":34215,"template":"","meta":[],"product_brand":[],"product_cat":[417,702],"product_tag":[],"class_list":{"0":"post-34214","1":"product","2":"type-product","3":"status-publish","4":"has-post-thumbnail","6":"product_cat-marker","7":"product_cat-arts-crafts-collection","9":"first","10":"instock","11":"shipping-taxable","12":"product-type-simple"},"_links":{"self":[{"href":"http:\/\/shinyyoustationery.com\/pl\/wp-json\/wp\/v2\/product\/34214","targetHints":{"allow":["GET"]}}],"collection":[{"href":"http:\/\/shinyyoustationery.com\/pl\/wp-json\/wp\/v2\/product"}],"about":[{"href":"http:\/\/shinyyoustationery.com\/pl\/wp-json\/wp\/v2\/types\/product"}],"version-history":[{"count":0,"href":"http:\/\/shinyyoustationery.com\/pl\/wp-json\/wp\/v2\/product\/34214\/revisions"}],"wp:featuredmedia":[{"embeddable":true,"href":"http:\/\/shinyyoustationery.com\/pl\/wp-json\/wp\/v2\/media\/34215"}],"wp:attachment":[{"href":"http:\/\/shinyyoustationery.com\/pl\/wp-json\/wp\/v2\/media?parent=34214"}],"wp:term":[{"taxonomy":"product_brand","embeddable":true,"href":"http:\/\/shinyyoustationery.com\/pl\/wp-json\/wp\/v2\/product_brand?post=34214"},{"taxonomy":"product_cat","embeddable":true,"href":"http:\/\/shinyyoustationery.com\/pl\/wp-json\/wp\/v2\/product_cat?post=34214"},{"taxonomy":"product_tag","embeddable":true,"href":"http:\/\/shinyyoustationery.com\/pl\/wp-json\/wp\/v2\/product_tag?post=34214"}],"curies":[{"name":"wp","href":"https:\/\/api.w.org\/{rel}","templated":true}]}}