{"id":34217,"date":"2025-07-01T14:12:19","date_gmt":"2025-07-01T06:12:19","guid":{"rendered":"http:\/\/45.63.70.205\/?post_type=product&#038;p=34217"},"modified":"2025-07-02T19:42:15","modified_gmt":"2025-07-02T11:42:15","slug":"12-color-felt-tip-pens-with-stamps-fun-creative-markers-for-kids-artists","status":"publish","type":"product","link":"http:\/\/shinyyoustationery.com\/pl\/12-color-felt-tip-pens-with-stamps-fun-creative-markers-for-kids-artists\/","title":{"rendered":"12-kolorowe flamastry z piecz\u0105tkami - zabawne i kreatywne markery dla dzieci i artyst\u00f3w"},"content":{"rendered":"","protected":false},"excerpt":{"rendered":"<p>Ten zestaw 12 \u017cywych pisak\u00f3w z filcow\u0105 ko\u0144c\u00f3wk\u0105 zawiera wbudowane stemple, oferuj\u0105c zabawny spos\u00f3b tworzenia kolorowych wzor\u00f3w i wzor\u00f3w. Dzi\u0119ki szerokiej gamie kolor\u00f3w, pisaki te s\u0105 idealne dla dzieci, student\u00f3w sztuki lub ka\u017cdego, kto lubi kreatywne projekty. Idealne do rysowania, kolorowania, tworzenia r\u0119kodzie\u0142a i nadawania osobistego charakteru pracom szkolnym, kartkom lub dekoracjom. \u015awietne zar\u00f3wno do zaj\u0119\u0107 edukacyjnych, jak i rekreacyjnych!<\/p>","protected":false},"featured_media":34219,"template":"","meta":[],"product_brand":[],"product_cat":[717,415,417,702],"product_tag":[],"class_list":{"0":"post-34217","1":"product","2":"type-product","3":"status-publish","4":"has-post-thumbnail","6":"product_cat-felt-tip-pens","7":"product_cat-pen","8":"product_cat-marker","9":"product_cat-arts-crafts-collection","11":"first","12":"instock","13":"shipping-taxable","14":"product-type-simple"},"_links":{"self":[{"href":"http:\/\/shinyyoustationery.com\/pl\/wp-json\/wp\/v2\/product\/34217","targetHints":{"allow":["GET"]}}],"collection":[{"href":"http:\/\/shinyyoustationery.com\/pl\/wp-json\/wp\/v2\/product"}],"about":[{"href":"http:\/\/shinyyoustationery.com\/pl\/wp-json\/wp\/v2\/types\/product"}],"version-history":[{"count":0,"href":"http:\/\/shinyyoustationery.com\/pl\/wp-json\/wp\/v2\/product\/34217\/revisions"}],"wp:featuredmedia":[{"embeddable":true,"href":"http:\/\/shinyyoustationery.com\/pl\/wp-json\/wp\/v2\/media\/34219"}],"wp:attachment":[{"href":"http:\/\/shinyyoustationery.com\/pl\/wp-json\/wp\/v2\/media?parent=34217"}],"wp:term":[{"taxonomy":"product_brand","embeddable":true,"href":"http:\/\/shinyyoustationery.com\/pl\/wp-json\/wp\/v2\/product_brand?post=34217"},{"taxonomy":"product_cat","embeddable":true,"href":"http:\/\/shinyyoustationery.com\/pl\/wp-json\/wp\/v2\/product_cat?post=34217"},{"taxonomy":"product_tag","embeddable":true,"href":"http:\/\/shinyyoustationery.com\/pl\/wp-json\/wp\/v2\/product_tag?post=34217"}],"curies":[{"name":"wp","href":"https:\/\/api.w.org\/{rel}","templated":true}]}}