{"id":34237,"date":"2025-07-01T15:02:45","date_gmt":"2025-07-01T07:02:45","guid":{"rendered":"http:\/\/45.63.70.205\/?post_type=product&#038;p=34237"},"modified":"2025-07-07T15:23:49","modified_gmt":"2025-07-07T07:23:49","slug":"cute-panda-themed-coin-bank-fun-savings-bank-for-kids","status":"publish","type":"product","link":"http:\/\/shinyyoustationery.com\/pl\/cute-panda-themed-coin-bank-fun-savings-bank-for-kids\/","title":{"rendered":"Uroczy bank monet z motywem pandy - zabawny bank oszcz\u0119dno\u015bciowy dla dzieci"},"content":{"rendered":"","protected":false},"excerpt":{"rendered":"<p>Ten uroczy bank monet z motywem pandy jest idealny do uczenia dzieci oszcz\u0119dzania pieni\u0119dzy. Dzi\u0119ki zabawnemu wzornictwu przedstawiaj\u0105cemu pandy je\u017cd\u017c\u0105ce na \u0142y\u017cwach i gwiazdy, doda on zabawnego akcentu do ka\u017cdego pokoju. Idealny dla dzieci, ten bank monet zach\u0119ca do oszcz\u0119dzania w zabawny i anga\u017cuj\u0105cy spos\u00f3b. \u0141atwy w u\u017cyciu otw\u00f3r u\u0142atwia wp\u0142acanie monet, dzi\u0119ki czemu jest to \u015bwietny dodatek do ka\u017cdego pokoju dzieci\u0119cego lub placu zabaw.<\/p>","protected":false},"featured_media":34239,"template":"","meta":[],"product_brand":[],"product_cat":[702,477,716],"product_tag":[],"class_list":{"0":"post-34237","1":"product","2":"type-product","3":"status-publish","4":"has-post-thumbnail","6":"product_cat-arts-crafts-collection","7":"product_cat-school-bags","8":"product_cat-coin-purse","10":"first","11":"instock","12":"shipping-taxable","13":"product-type-simple"},"_links":{"self":[{"href":"http:\/\/shinyyoustationery.com\/pl\/wp-json\/wp\/v2\/product\/34237","targetHints":{"allow":["GET"]}}],"collection":[{"href":"http:\/\/shinyyoustationery.com\/pl\/wp-json\/wp\/v2\/product"}],"about":[{"href":"http:\/\/shinyyoustationery.com\/pl\/wp-json\/wp\/v2\/types\/product"}],"version-history":[{"count":0,"href":"http:\/\/shinyyoustationery.com\/pl\/wp-json\/wp\/v2\/product\/34237\/revisions"}],"wp:featuredmedia":[{"embeddable":true,"href":"http:\/\/shinyyoustationery.com\/pl\/wp-json\/wp\/v2\/media\/34239"}],"wp:attachment":[{"href":"http:\/\/shinyyoustationery.com\/pl\/wp-json\/wp\/v2\/media?parent=34237"}],"wp:term":[{"taxonomy":"product_brand","embeddable":true,"href":"http:\/\/shinyyoustationery.com\/pl\/wp-json\/wp\/v2\/product_brand?post=34237"},{"taxonomy":"product_cat","embeddable":true,"href":"http:\/\/shinyyoustationery.com\/pl\/wp-json\/wp\/v2\/product_cat?post=34237"},{"taxonomy":"product_tag","embeddable":true,"href":"http:\/\/shinyyoustationery.com\/pl\/wp-json\/wp\/v2\/product_tag?post=34237"}],"curies":[{"name":"wp","href":"https:\/\/api.w.org\/{rel}","templated":true}]}}