{"id":34243,"date":"2025-07-01T15:07:06","date_gmt":"2025-07-01T07:07:06","guid":{"rendered":"http:\/\/45.63.70.205\/?post_type=product&#038;p=34243"},"modified":"2025-07-07T15:24:09","modified_gmt":"2025-07-07T07:24:09","slug":"unicorn-themed-coin-bank-fun-savings-bank-for-kids","status":"publish","type":"product","link":"http:\/\/shinyyoustationery.com\/pl\/unicorn-themed-coin-bank-fun-savings-bank-for-kids\/","title":{"rendered":"Bank monet z jednoro\u017ccem - zabawny bank oszcz\u0119dno\u015bciowy dla dzieci"},"content":{"rendered":"","protected":false},"excerpt":{"rendered":"<p>Ten uroczy bank monet z motywem jednoro\u017cca ma kolorowy wz\u00f3r z zabawnymi jednoro\u017ccami i gwiazdami na r\u00f3\u017cowym tle. Idealny dla ma\u0142ych dzieci, zach\u0119ca do oszcz\u0119dzania w zabawny i pomys\u0142owy spos\u00f3b. \u0141atwy w u\u017cyciu otw\u00f3r pozwala dzieciom z \u0142atwo\u015bci\u0105 wp\u0142aca\u0107 monety, dzi\u0119ki czemu jest to wspania\u0142y dodatek do ka\u017cdego pokoju lub placu zabaw. Idealny do uczenia dzieci warto\u015bci oszcz\u0119dzania, jednocze\u015bnie dodaj\u0105c magiczny akcent do ich przestrzeni.<\/p>","protected":false},"featured_media":34245,"template":"","meta":[],"product_brand":[],"product_cat":[702,477,716],"product_tag":[],"class_list":{"0":"post-34243","1":"product","2":"type-product","3":"status-publish","4":"has-post-thumbnail","6":"product_cat-arts-crafts-collection","7":"product_cat-school-bags","8":"product_cat-coin-purse","10":"first","11":"instock","12":"shipping-taxable","13":"product-type-simple"},"_links":{"self":[{"href":"http:\/\/shinyyoustationery.com\/pl\/wp-json\/wp\/v2\/product\/34243","targetHints":{"allow":["GET"]}}],"collection":[{"href":"http:\/\/shinyyoustationery.com\/pl\/wp-json\/wp\/v2\/product"}],"about":[{"href":"http:\/\/shinyyoustationery.com\/pl\/wp-json\/wp\/v2\/types\/product"}],"version-history":[{"count":0,"href":"http:\/\/shinyyoustationery.com\/pl\/wp-json\/wp\/v2\/product\/34243\/revisions"}],"wp:featuredmedia":[{"embeddable":true,"href":"http:\/\/shinyyoustationery.com\/pl\/wp-json\/wp\/v2\/media\/34245"}],"wp:attachment":[{"href":"http:\/\/shinyyoustationery.com\/pl\/wp-json\/wp\/v2\/media?parent=34243"}],"wp:term":[{"taxonomy":"product_brand","embeddable":true,"href":"http:\/\/shinyyoustationery.com\/pl\/wp-json\/wp\/v2\/product_brand?post=34243"},{"taxonomy":"product_cat","embeddable":true,"href":"http:\/\/shinyyoustationery.com\/pl\/wp-json\/wp\/v2\/product_cat?post=34243"},{"taxonomy":"product_tag","embeddable":true,"href":"http:\/\/shinyyoustationery.com\/pl\/wp-json\/wp\/v2\/product_tag?post=34243"}],"curies":[{"name":"wp","href":"https:\/\/api.w.org\/{rel}","templated":true}]}}