{"id":34252,"date":"2025-07-01T15:16:40","date_gmt":"2025-07-01T07:16:40","guid":{"rendered":"http:\/\/45.63.70.205\/?post_type=product&#038;p=34252"},"modified":"2025-08-12T18:52:26","modified_gmt":"2025-08-13T02:52:26","slug":"space-adventure-coin-bank-fun-savings-bank-with-astronauts-and-aliens","status":"publish","type":"product","link":"http:\/\/shinyyoustationery.com\/pl\/space-adventure-coin-bank-fun-savings-bank-with-astronauts-and-aliens\/","title":{"rendered":"Bank monet Space Adventure - zabawny bank oszcz\u0119dno\u015bciowy z astronautami i kosmitami"},"content":{"rendered":"","protected":false},"excerpt":{"rendered":"<p>Ten zachwycaj\u0105cy bank monet o tematyce kosmicznej ma zabawny wz\u00f3r z astronautami, UFO i gwiazdami oraz napis \"Travel in Space\". Idealny dla dzieci zafascynowanych kosmosem, sprawia, \u017ce oszcz\u0119dzanie pieni\u0119dzy jest zabawne, a jednocze\u015bnie pobudza ich wyobra\u017ani\u0119. \u0141atwe w u\u017cyciu gniazdo pozwala na bezproblemowe wp\u0142aty, a jego uroczy wygl\u0105d jest \u015bwietnym dodatkiem do ka\u017cdego pokoju dzieci\u0119cego lub placu zabaw.<\/p>","protected":false},"featured_media":34253,"template":"","meta":[],"product_brand":[],"product_cat":[702,477,716],"product_tag":[],"class_list":{"0":"post-34252","1":"product","2":"type-product","3":"status-publish","4":"has-post-thumbnail","6":"product_cat-arts-crafts-collection","7":"product_cat-school-bags","8":"product_cat-coin-purse","10":"first","11":"instock","12":"shipping-taxable","13":"product-type-simple"},"_links":{"self":[{"href":"http:\/\/shinyyoustationery.com\/pl\/wp-json\/wp\/v2\/product\/34252","targetHints":{"allow":["GET"]}}],"collection":[{"href":"http:\/\/shinyyoustationery.com\/pl\/wp-json\/wp\/v2\/product"}],"about":[{"href":"http:\/\/shinyyoustationery.com\/pl\/wp-json\/wp\/v2\/types\/product"}],"version-history":[{"count":0,"href":"http:\/\/shinyyoustationery.com\/pl\/wp-json\/wp\/v2\/product\/34252\/revisions"}],"wp:featuredmedia":[{"embeddable":true,"href":"http:\/\/shinyyoustationery.com\/pl\/wp-json\/wp\/v2\/media\/34253"}],"wp:attachment":[{"href":"http:\/\/shinyyoustationery.com\/pl\/wp-json\/wp\/v2\/media?parent=34252"}],"wp:term":[{"taxonomy":"product_brand","embeddable":true,"href":"http:\/\/shinyyoustationery.com\/pl\/wp-json\/wp\/v2\/product_brand?post=34252"},{"taxonomy":"product_cat","embeddable":true,"href":"http:\/\/shinyyoustationery.com\/pl\/wp-json\/wp\/v2\/product_cat?post=34252"},{"taxonomy":"product_tag","embeddable":true,"href":"http:\/\/shinyyoustationery.com\/pl\/wp-json\/wp\/v2\/product_tag?post=34252"}],"curies":[{"name":"wp","href":"https:\/\/api.w.org\/{rel}","templated":true}]}}