{"id":34264,"date":"2025-07-01T16:12:04","date_gmt":"2025-07-01T08:12:04","guid":{"rendered":"http:\/\/45.63.70.205\/?post_type=product&#038;p=34264"},"modified":"2025-07-01T16:18:10","modified_gmt":"2025-07-01T08:18:10","slug":"colour-your-own-fashion-bag-fun-creative-diy-kit-for-kids","status":"publish","type":"product","link":"http:\/\/shinyyoustationery.com\/pl\/colour-your-own-fashion-bag-fun-creative-diy-kit-for-kids\/","title":{"rendered":"Pokoloruj swoj\u0105 w\u0142asn\u0105 modn\u0105 torb\u0119 - zabawny i kreatywny zestaw do majsterkowania dla dzieci"},"content":{"rendered":"","protected":false},"excerpt":{"rendered":"<p>Pozw\u00f3l swojemu dziecku rozwin\u0105\u0107 kreatywno\u015b\u0107 dzi\u0119ki zestawowi \"Pokoloruj swoj\u0105 w\u0142asn\u0105 modn\u0105 torb\u0119\"! Ten zestaw z zabawnym wzorem dinozaura zawiera bia\u0142\u0105 p\u0142\u00f3cienn\u0105 torb\u0119 i kolorowe markery, dzi\u0119ki czemu dzieci mog\u0105 stworzy\u0107 sw\u00f3j w\u0142asny, niepowtarzalny styl. Idealny do projekt\u00f3w szkolnych, zaj\u0119\u0107 rzemie\u015blniczych lub jako spersonalizowany prezent, ten zestaw jest idealny dla m\u0142odych artyst\u00f3w, kt\u00f3rzy uwielbiaj\u0105 dodawa\u0107 sw\u00f3j osobisty akcent do akcesori\u00f3w. Idealny na urodziny, do szko\u0142y lub do zabawy w domu!<\/p>","protected":false},"featured_media":34266,"template":"","meta":[],"product_brand":[],"product_cat":[404,702],"product_tag":[],"class_list":{"0":"post-34264","1":"product","2":"type-product","3":"status-publish","4":"has-post-thumbnail","6":"product_cat-bags-cases","7":"product_cat-arts-crafts-collection","9":"first","10":"instock","11":"shipping-taxable","12":"product-type-simple"},"_links":{"self":[{"href":"http:\/\/shinyyoustationery.com\/pl\/wp-json\/wp\/v2\/product\/34264","targetHints":{"allow":["GET"]}}],"collection":[{"href":"http:\/\/shinyyoustationery.com\/pl\/wp-json\/wp\/v2\/product"}],"about":[{"href":"http:\/\/shinyyoustationery.com\/pl\/wp-json\/wp\/v2\/types\/product"}],"version-history":[{"count":0,"href":"http:\/\/shinyyoustationery.com\/pl\/wp-json\/wp\/v2\/product\/34264\/revisions"}],"wp:featuredmedia":[{"embeddable":true,"href":"http:\/\/shinyyoustationery.com\/pl\/wp-json\/wp\/v2\/media\/34266"}],"wp:attachment":[{"href":"http:\/\/shinyyoustationery.com\/pl\/wp-json\/wp\/v2\/media?parent=34264"}],"wp:term":[{"taxonomy":"product_brand","embeddable":true,"href":"http:\/\/shinyyoustationery.com\/pl\/wp-json\/wp\/v2\/product_brand?post=34264"},{"taxonomy":"product_cat","embeddable":true,"href":"http:\/\/shinyyoustationery.com\/pl\/wp-json\/wp\/v2\/product_cat?post=34264"},{"taxonomy":"product_tag","embeddable":true,"href":"http:\/\/shinyyoustationery.com\/pl\/wp-json\/wp\/v2\/product_tag?post=34264"}],"curies":[{"name":"wp","href":"https:\/\/api.w.org\/{rel}","templated":true}]}}