{"id":34274,"date":"2025-07-01T16:41:21","date_gmt":"2025-07-01T08:41:21","guid":{"rendered":"http:\/\/45.63.70.205\/?post_type=product&#038;p=34274"},"modified":"2025-07-01T16:41:21","modified_gmt":"2025-07-01T08:41:21","slug":"mini-whiteboard-set-for-kids-classroom","status":"publish","type":"product","link":"http:\/\/shinyyoustationery.com\/pl\/mini-whiteboard-set-for-kids-classroom\/","title":{"rendered":"Zestaw mini tablic dla dzieci i klasy"},"content":{"rendered":"","protected":false},"excerpt":{"rendered":"<p>Ten \u017cywy zestaw tablic z kolorowymi ramkami (dost\u0119pny w kolorze niebieskim, zielonym, fioletowym i czerwonym) jest idealny dla dzieci, klas i plac\u00f3wek edukacyjnych. Ka\u017cdy zestaw zawiera tablic\u0119 i marker, dzi\u0119ki czemu jest doskona\u0142ym narz\u0119dziem do robienia notatek, burzy m\u00f3zg\u00f3w lub kreatywnych zaj\u0119\u0107. Solidna rama i \u0142atwa do czyszczenia powierzchnia zapewniaj\u0105 zar\u00f3wno zabaw\u0119, jak i funkcjonalno\u015b\u0107, idealn\u0105 dla uczni\u00f3w, nauczycieli lub do u\u017cytku domowego.<\/p>","protected":false},"featured_media":34275,"template":"","meta":[],"product_brand":[],"product_cat":[454,702],"product_tag":[],"class_list":{"0":"post-34274","1":"product","2":"type-product","3":"status-publish","4":"has-post-thumbnail","6":"product_cat-whiteboard","7":"product_cat-arts-crafts-collection","9":"first","10":"instock","11":"shipping-taxable","12":"product-type-simple"},"_links":{"self":[{"href":"http:\/\/shinyyoustationery.com\/pl\/wp-json\/wp\/v2\/product\/34274","targetHints":{"allow":["GET"]}}],"collection":[{"href":"http:\/\/shinyyoustationery.com\/pl\/wp-json\/wp\/v2\/product"}],"about":[{"href":"http:\/\/shinyyoustationery.com\/pl\/wp-json\/wp\/v2\/types\/product"}],"version-history":[{"count":0,"href":"http:\/\/shinyyoustationery.com\/pl\/wp-json\/wp\/v2\/product\/34274\/revisions"}],"wp:featuredmedia":[{"embeddable":true,"href":"http:\/\/shinyyoustationery.com\/pl\/wp-json\/wp\/v2\/media\/34275"}],"wp:attachment":[{"href":"http:\/\/shinyyoustationery.com\/pl\/wp-json\/wp\/v2\/media?parent=34274"}],"wp:term":[{"taxonomy":"product_brand","embeddable":true,"href":"http:\/\/shinyyoustationery.com\/pl\/wp-json\/wp\/v2\/product_brand?post=34274"},{"taxonomy":"product_cat","embeddable":true,"href":"http:\/\/shinyyoustationery.com\/pl\/wp-json\/wp\/v2\/product_cat?post=34274"},{"taxonomy":"product_tag","embeddable":true,"href":"http:\/\/shinyyoustationery.com\/pl\/wp-json\/wp\/v2\/product_tag?post=34274"}],"curies":[{"name":"wp","href":"https:\/\/api.w.org\/{rel}","templated":true}]}}