{"id":34280,"date":"2025-07-01T16:46:30","date_gmt":"2025-07-01T08:46:30","guid":{"rendered":"http:\/\/45.63.70.205\/?post_type=product&#038;p=34280"},"modified":"2025-07-07T15:32:58","modified_gmt":"2025-07-07T07:32:58","slug":"sloth-themed-self-coloring-tote-bag-with-markers-creative-diy-kit-for-kids","status":"publish","type":"product","link":"http:\/\/shinyyoustationery.com\/pl\/sloth-themed-self-coloring-tote-bag-with-markers-creative-diy-kit-for-kids\/","title":{"rendered":"Torba do samodzielnego kolorowania z markerami w kszta\u0142cie leniwca - zestaw kreatywnego majsterkowicza dla dzieci"},"content":{"rendered":"","protected":false},"excerpt":{"rendered":"<p>Ta zabawna \"Torba do samodzielnego kolorowania\" ma wz\u00f3r leniwca, dzi\u0119ki czemu dzieci mog\u0105 korzysta\u0107 z do\u0142\u0105czonych 5 \u017cywych kolorowych marker\u00f3w, aby o\u017cywi\u0107 projekt. Idealny dla dzieci, kt\u00f3re uwielbiaj\u0105 tworzy\u0107 i personalizowa\u0107 swoje akcesoria, ten zestaw DIY zach\u0119ca do kreatywno\u015bci i jest idealny do projekt\u00f3w szkolnych, prezent\u00f3w lub zwyk\u0142ych wycieczek. Sama torba jest wykonana z wytrzyma\u0142ego p\u0142\u00f3tna, dzi\u0119ki czemu idealnie nadaje si\u0119 do codziennego u\u017cytku po udekorowaniu. \u015awietny dla m\u0142odych artyst\u00f3w, kt\u00f3rzy chc\u0105 nada\u0107 osobisty charakter swoim akcesoriom!<\/p>","protected":false},"featured_media":34281,"template":"","meta":[],"product_brand":[],"product_cat":[705,535,702],"product_tag":[],"class_list":{"0":"post-34280","1":"product","2":"type-product","3":"status-publish","4":"has-post-thumbnail","6":"product_cat-tote-bag","7":"product_cat-storage-bag","8":"product_cat-arts-crafts-collection","10":"first","11":"instock","12":"shipping-taxable","13":"product-type-simple"},"_links":{"self":[{"href":"http:\/\/shinyyoustationery.com\/pl\/wp-json\/wp\/v2\/product\/34280","targetHints":{"allow":["GET"]}}],"collection":[{"href":"http:\/\/shinyyoustationery.com\/pl\/wp-json\/wp\/v2\/product"}],"about":[{"href":"http:\/\/shinyyoustationery.com\/pl\/wp-json\/wp\/v2\/types\/product"}],"version-history":[{"count":0,"href":"http:\/\/shinyyoustationery.com\/pl\/wp-json\/wp\/v2\/product\/34280\/revisions"}],"wp:featuredmedia":[{"embeddable":true,"href":"http:\/\/shinyyoustationery.com\/pl\/wp-json\/wp\/v2\/media\/34281"}],"wp:attachment":[{"href":"http:\/\/shinyyoustationery.com\/pl\/wp-json\/wp\/v2\/media?parent=34280"}],"wp:term":[{"taxonomy":"product_brand","embeddable":true,"href":"http:\/\/shinyyoustationery.com\/pl\/wp-json\/wp\/v2\/product_brand?post=34280"},{"taxonomy":"product_cat","embeddable":true,"href":"http:\/\/shinyyoustationery.com\/pl\/wp-json\/wp\/v2\/product_cat?post=34280"},{"taxonomy":"product_tag","embeddable":true,"href":"http:\/\/shinyyoustationery.com\/pl\/wp-json\/wp\/v2\/product_tag?post=34280"}],"curies":[{"name":"wp","href":"https:\/\/api.w.org\/{rel}","templated":true}]}}