{"id":34796,"date":"2025-07-07T16:33:59","date_gmt":"2025-07-07T08:33:59","guid":{"rendered":"http:\/\/45.63.70.205\/?post_type=product&#038;p=34796"},"modified":"2025-07-07T16:33:59","modified_gmt":"2025-07-07T08:33:59","slug":"gel-ink-pens-for-school-office","status":"publish","type":"product","link":"http:\/\/shinyyoustationery.com\/pl\/gel-ink-pens-for-school-office\/","title":{"rendered":"D\u0142ugopisy \u017celowe dla szk\u00f3\u0142 i biur"},"content":{"rendered":"","protected":false},"excerpt":{"rendered":"<p>Wnie\u015b odrobin\u0119 koloru do swojego pisma dzi\u0119ki \u017cywym d\u0142ugopisom \u017celowym Shiny You. Niezale\u017cnie od tego, czy jeste\u015b studentem robi\u0105cym notatki, profesjonalist\u0105 notuj\u0105cym pomys\u0142y, czy artyst\u0105 szkicuj\u0105cym swoje kolejne arcydzie\u0142o, te d\u0142ugopisy oferuj\u0105 p\u0142ynne pisanie i r\u00f3\u017cnorodno\u015b\u0107 osza\u0142amiaj\u0105cych kolor\u00f3w, kt\u00f3re pasuj\u0105 do Twojego stylu i potrzeb. Idealne do codziennego u\u017cytku, kreatywnych projekt\u00f3w i ustawie\u0144 biurowych, d\u0142ugopisy Shiny You sprawiaj\u0105, \u017ce ka\u017cde poci\u0105gni\u0119cie sprawia rado\u015b\u0107.<\/p>","protected":false},"featured_media":34784,"template":"","meta":[],"product_brand":[],"product_cat":[491,410,415],"product_tag":[],"class_list":{"0":"post-34796","1":"product","2":"type-product","3":"status-publish","4":"has-post-thumbnail","6":"product_cat-gel-pen","7":"product_cat-writing-instruments","8":"product_cat-pen","10":"first","11":"instock","12":"shipping-taxable","13":"product-type-simple"},"_links":{"self":[{"href":"http:\/\/shinyyoustationery.com\/pl\/wp-json\/wp\/v2\/product\/34796","targetHints":{"allow":["GET"]}}],"collection":[{"href":"http:\/\/shinyyoustationery.com\/pl\/wp-json\/wp\/v2\/product"}],"about":[{"href":"http:\/\/shinyyoustationery.com\/pl\/wp-json\/wp\/v2\/types\/product"}],"version-history":[{"count":0,"href":"http:\/\/shinyyoustationery.com\/pl\/wp-json\/wp\/v2\/product\/34796\/revisions"}],"wp:featuredmedia":[{"embeddable":true,"href":"http:\/\/shinyyoustationery.com\/pl\/wp-json\/wp\/v2\/media\/34784"}],"wp:attachment":[{"href":"http:\/\/shinyyoustationery.com\/pl\/wp-json\/wp\/v2\/media?parent=34796"}],"wp:term":[{"taxonomy":"product_brand","embeddable":true,"href":"http:\/\/shinyyoustationery.com\/pl\/wp-json\/wp\/v2\/product_brand?post=34796"},{"taxonomy":"product_cat","embeddable":true,"href":"http:\/\/shinyyoustationery.com\/pl\/wp-json\/wp\/v2\/product_cat?post=34796"},{"taxonomy":"product_tag","embeddable":true,"href":"http:\/\/shinyyoustationery.com\/pl\/wp-json\/wp\/v2\/product_tag?post=34796"}],"curies":[{"name":"wp","href":"https:\/\/api.w.org\/{rel}","templated":true}]}}