{"id":34801,"date":"2025-07-07T17:15:15","date_gmt":"2025-07-07T09:15:15","guid":{"rendered":"http:\/\/45.63.70.205\/?post_type=product&#038;p=34801"},"modified":"2025-07-07T17:49:09","modified_gmt":"2025-07-07T09:49:09","slug":"bright-pink-30cm-flexible-ruler-ideal-for-girls","status":"publish","type":"product","link":"http:\/\/shinyyoustationery.com\/pl\/bright-pink-30cm-flexible-ruler-ideal-for-girls\/","title":{"rendered":"Jasnor\u00f3\u017cowa elastyczna linijka 30 cm - idealna dla dziewczynek"},"content":{"rendered":"","protected":false},"excerpt":{"rendered":"<p>Elastyczna linijka Shiny You 30 CM to kolorowy i praktyczny dodatek do kolekcji artyku\u0142\u00f3w pi\u015bmienniczych. Wykonana z wytrzyma\u0142ego, gi\u0119tkiego materia\u0142u, ta \u017cywa r\u00f3\u017cowa linijka jest idealna dla dziewcz\u0105t, kt\u00f3re kochaj\u0105 zar\u00f3wno styl, jak i funkcjonalno\u015b\u0107. Lekka i odporna na st\u0142uczenia, \u015bwietnie nadaje si\u0119 do szko\u0142y, prac r\u0119cznych i codziennego u\u017cytku.<\/p>","protected":false},"featured_media":34803,"template":"","meta":[],"product_brand":[],"product_cat":[475,424,397],"product_tag":[],"class_list":{"0":"post-34801","1":"product","2":"type-product","3":"status-publish","4":"has-post-thumbnail","6":"product_cat-rulers-measuring-tools","7":"product_cat-straight-ruler","8":"product_cat-basic-office-stationery","10":"first","11":"instock","12":"shipping-taxable","13":"product-type-simple"},"_links":{"self":[{"href":"http:\/\/shinyyoustationery.com\/pl\/wp-json\/wp\/v2\/product\/34801","targetHints":{"allow":["GET"]}}],"collection":[{"href":"http:\/\/shinyyoustationery.com\/pl\/wp-json\/wp\/v2\/product"}],"about":[{"href":"http:\/\/shinyyoustationery.com\/pl\/wp-json\/wp\/v2\/types\/product"}],"version-history":[{"count":0,"href":"http:\/\/shinyyoustationery.com\/pl\/wp-json\/wp\/v2\/product\/34801\/revisions"}],"wp:featuredmedia":[{"embeddable":true,"href":"http:\/\/shinyyoustationery.com\/pl\/wp-json\/wp\/v2\/media\/34803"}],"wp:attachment":[{"href":"http:\/\/shinyyoustationery.com\/pl\/wp-json\/wp\/v2\/media?parent=34801"}],"wp:term":[{"taxonomy":"product_brand","embeddable":true,"href":"http:\/\/shinyyoustationery.com\/pl\/wp-json\/wp\/v2\/product_brand?post=34801"},{"taxonomy":"product_cat","embeddable":true,"href":"http:\/\/shinyyoustationery.com\/pl\/wp-json\/wp\/v2\/product_cat?post=34801"},{"taxonomy":"product_tag","embeddable":true,"href":"http:\/\/shinyyoustationery.com\/pl\/wp-json\/wp\/v2\/product_tag?post=34801"}],"curies":[{"name":"wp","href":"https:\/\/api.w.org\/{rel}","templated":true}]}}